{"id":5743,"date":"2023-12-07T12:00:16","date_gmt":"2023-12-07T12:00:16","guid":{"rendered":"https:\/\/cingel.pt\/services\/"},"modified":"2024-10-03T17:51:25","modified_gmt":"2024-10-03T16:51:25","slug":"services","status":"publish","type":"page","link":"https:\/\/cingel.pt\/fr\/services\/","title":{"rendered":"Services"},"content":{"rendered":"<p>[et_pb_section fb_built=\u00a0\u00bb1&Prime; _builder_version=\u00a0\u00bb4.23.3&Prime; _module_preset=\u00a0\u00bbdefault\u00a0\u00bb background_enable_image=\u00a0\u00bboff\u00a0\u00bb background_position=\u00a0\u00bbtop_center\u00a0\u00bb background_vertical_offset=\u00a0\u00bb58%\u00a0\u00bb background_enable_pattern_style=\u00a0\u00bbon\u00a0\u00bb background_pattern_style=\u00a0\u00bbdiagonal-stripes-2&Prime; background_pattern_size=\u00a0\u00bbcustom\u00a0\u00bb background_pattern_width=\u00a0\u00bb5px\u00a0\u00bb height=\u00a0\u00bb23em\u00a0\u00bb height_tablet=\u00a0\u00bb25em\u00a0\u00bb height_phone=\u00a0\u00bb38em\u00a0\u00bb height_last_edited=\u00a0\u00bbon|phone\u00a0\u00bb custom_margin=\u00a0\u00bb0px||-5px||false|false\u00a0\u00bb custom_margin_tablet=\u00a0\u00bb0px||-70px||false|false\u00a0\u00bb custom_margin_phone=\u00a0\u00bb0px||-70px||false|false\u00a0\u00bb custom_margin_last_edited=\u00a0\u00bbon|phone\u00a0\u00bb custom_padding=\u00a0\u00bb0px||0px||true|false\u00a0\u00bb top_divider_height=\u00a0\u00bb221px\u00a0\u00bb top_divider_flip=\u00a0\u00bbhorizontal|vertical\u00a0\u00bb bottom_divider_style=\u00a0\u00bbmountains2&Prime; bottom_divider_color=\u00a0\u00bb#FFFFFF\u00a0\u00bb bottom_divider_height=\u00a0\u00bb150px\u00a0\u00bb bottom_divider_repeat=\u00a0\u00bb1x\u00a0\u00bb bottom_divider_height_tablet=\u00a0\u00bb200px\u00a0\u00bb bottom_divider_height_phone=\u00a0\u00bb250px\u00a0\u00bb bottom_divider_height_last_edited=\u00a0\u00bbon|tablet\u00a0\u00bb background_last_edited=\u00a0\u00bbon|tablet\u00a0\u00bb global_colors_info=\u00a0\u00bb{%22gcid-82b81f86-188a-4a0d-bc27-957912f3e4fb%22:%91%22background_color_gradient_stops%22%93}\u00a0\u00bb][et_pb_row column_structure=\u00a0\u00bb1_2,1_2&Prime; _builder_version=\u00a0\u00bb4.23.3&Prime; _module_preset=\u00a0\u00bbdefault\u00a0\u00bb custom_margin=\u00a0\u00bb0px||||false|false\u00a0\u00bb custom_padding=\u00a0\u00bb20px||||false|false\u00a0\u00bb pac_drh_column_numbers_tablet=\u00a0\u00bbpac_drh_tab_col_two\u00a0\u00bb pac_drh_column_numbers_phone=\u00a0\u00bbpac_drh_phone_col_one\u00a0\u00bb global_colors_info=\u00a0\u00bb{}\u00a0\u00bb max_width__hover_enabled=\u00a0\u00bboff|desktop\u00a0\u00bb][et_pb_column type=\u00a0\u00bb1_2&Prime; admin_label=\u00a0\u00bbColuna 1&Prime; _builder_version=\u00a0\u00bb4.23.3&Prime; _module_preset=\u00a0\u00bbdefault\u00a0\u00bb custom_padding=\u00a0\u00bb20px||||false|false\u00a0\u00bb global_colors_info=\u00a0\u00bb{}\u00a0\u00bb][et_pb_heading title=\u00a0\u00bbNos services\u00a0\u00bb _builder_version=\u00a0\u00bb4.23.3&Prime; _module_preset=\u00a0\u00bbdefault\u00a0\u00bb title_font=\u00a0\u00bbExo|300||on|||||\u00a0\u00bb title_text_color=\u00a0\u00bbgcid-63dc6424-0d57-48b2-b05a-a9e3366425b3&Prime; title_font_size=\u00a0\u00bb60px\u00a0\u00bb title_line_height=\u00a0\u00bb1.1em\u00a0\u00bb title_font_size_tablet=\u00a0\u00bb50px\u00a0\u00bb title_font_size_phone=\u00a0\u00bb40px\u00a0\u00bb title_font_size_last_edited=\u00a0\u00bbon|phone\u00a0\u00bb global_colors_info=\u00a0\u00bb{%22gcid-63dc6424-0d57-48b2-b05a-a9e3366425b3%22:%91%22title_text_color%22%93}\u00a0\u00bb][\/et_pb_heading][dmpro_breadcrumbs bc_custom_home=\u00a0\u00bbon\u00a0\u00bb bc_home_url=\u00a0\u00bbhttps:\/\/cingel.pt\/\u00a0\u00bb bc_home_icon=\u00a0\u00bbon\u00a0\u00bb bc_home_color=\u00a0\u00bbgcid-63dc6424-0d57-48b2-b05a-a9e3366425b3&Prime; bc_hover_home_color=\u00a0\u00bbgcid-82b81f86-188a-4a0d-bc27-957912f3e4fb\u00a0\u00bb bc_schema=\u00a0\u00bboff\u00a0\u00bb bc_separator_color=\u00a0\u00bbgcid-63dc6424-0d57-48b2-b05a-a9e3366425b3&Prime; bc_separator_space=\u00a0\u00bb2px\u00a0\u00bb _builder_version=\u00a0\u00bb4.23.3&Prime; _module_preset=\u00a0\u00bbdefault\u00a0\u00bb items_font=\u00a0\u00bbExo||||||||\u00a0\u00bb items_text_color=\u00a0\u00bbgcid-63dc6424-0d57-48b2-b05a-a9e3366425b3&Prime; hover_font=\u00a0\u00bbExo|500|||||||\u00a0\u00bb hover_text_color=\u00a0\u00bbgcid-63dc6424-0d57-48b2-b05a-a9e3366425b3&Prime; active_font=\u00a0\u00bbExo|800|||||||\u00a0\u00bb active_text_color=\u00a0\u00bbgcid-82b81f86-188a-4a0d-bc27-957912f3e4fb\u00a0\u00bb custom_margin=\u00a0\u00bb0px||100px||false|false\u00a0\u00bb locked=\u00a0\u00bboff\u00a0\u00bb global_colors_info=\u00a0\u00bb{%22gcid-63dc6424-0d57-48b2-b05a-a9e3366425b3%22:%91%22items_text_color%22,%22hover_text_color%22,%22bc_home_color%22,%22bc_separator_color%22%93,%22gcid-82b81f86-188a-4a0d-bc27-957912f3e4fb%22:%91%22active_text_color%22,%22bc_hover_home_color%22%93}\u00a0\u00bb][\/dmpro_breadcrumbs][\/et_pb_column][et_pb_column type=\u00a0\u00bb1_2&Prime; admin_label=\u00a0\u00bbColuna 2&Prime; _builder_version=\u00a0\u00bb4.23.3&Prime; _module_preset=\u00a0\u00bbdefault\u00a0\u00bb custom_padding=\u00a0\u00bb0px||||false|false\u00a0\u00bb global_colors_info=\u00a0\u00bb{}\u00a0\u00bb][et_pb_image src=\u00a0\u00bbhttps:\/\/cingel.pt\/wp-content\/uploads\/2023\/12\/cingel-banner-projetos-1024&#215;743.png\u00a0\u00bb title_text=\u00a0\u00bbcingel-banner-projetos\u00a0\u00bb _builder_version=\u00a0\u00bb4.23.3&Prime; _module_preset=\u00a0\u00bbdefault\u00a0\u00bb z_index=\u00a0\u00bb141&Prime; custom_margin=\u00a0\u00bb-20px||||false|false\u00a0\u00bb animation_style=\u00a0\u00bbslide\u00a0\u00bb animation_direction=\u00a0\u00bbtop\u00a0\u00bb global_colors_info=\u00a0\u00bb{}\u00a0\u00bb][\/et_pb_image][\/et_pb_column][\/et_pb_row][\/et_pb_section][et_pb_section fb_built=\u00a0\u00bb1&Prime; _builder_version=\u00a0\u00bb4.23.3&Prime; _module_preset=\u00a0\u00bbdefault\u00a0\u00bb background_color=\u00a0\u00bbRGBA(255,255,255,0)\u00a0\u00bb custom_padding=\u00a0\u00bb30px||30px|||\u00a0\u00bb locked=\u00a0\u00bboff\u00a0\u00bb global_colors_info=\u00a0\u00bb{}\u00a0\u00bb][et_pb_row _builder_version=\u00a0\u00bb4.23.1&Prime; _module_preset=\u00a0\u00bbdefault\u00a0\u00bb background_color=\u00a0\u00bbRGBA(255,255,255,0)\u00a0\u00bb custom_padding=\u00a0\u00bb27px|||||\u00a0\u00bb global_colors_info=\u00a0\u00bb{}\u00a0\u00bb][et_pb_column type=\u00a0\u00bb4_4&Prime; _builder_version=\u00a0\u00bb4.23.1&Prime; _module_preset=\u00a0\u00bbdefault\u00a0\u00bb global_colors_info=\u00a0\u00bb{}\u00a0\u00bb][et_pb_text _builder_version=\u00a0\u00bb4.25.1&Prime; _module_preset=\u00a0\u00bbdefault\u00a0\u00bb text_font_size=\u00a0\u00bb18px\u00a0\u00bb global_colors_info=\u00a0\u00bb{}\u00a0\u00bb]<\/p>\n<p>Cingel se positionne de plus en plus comme une organisation flexible, capable de fournir \u00e0 ses clients des informations et des outils actualis\u00e9s et de qualit\u00e9 pour tirer parti des opportunit\u00e9s \u00e9mergentes.<\/p>\n<p>Cingel est plus qu&rsquo;un simple groupe comptable, il se consacre \u00e9galement aux projets d&rsquo;investissement, \u00e0 la consultance, \u00e0 l&rsquo;analyse financi\u00e8re, \u00e0 la fiscalit\u00e9, \u00e0 l&rsquo;aide \u00e0 la gestion, aux ressources humaines et \u00e0 la formation.<\/p>\n<p>[\/et_pb_text][\/et_pb_column][\/et_pb_row][\/et_pb_section][et_pb_section fb_built=\u00a0\u00bb1&Prime; _builder_version=\u00a0\u00bb4.23.3&Prime; _module_preset=\u00a0\u00bbdefault\u00a0\u00bb custom_padding=\u00a0\u00bb25px||30px|||\u00a0\u00bb global_colors_info=\u00a0\u00bb{}\u00a0\u00bb][et_pb_row _builder_version=\u00a0\u00bb4.23.3&Prime; _module_preset=\u00a0\u00bbdefault\u00a0\u00bb custom_padding=\u00a0\u00bb4px|||||\u00a0\u00bb global_colors_info=\u00a0\u00bb{}\u00a0\u00bb][et_pb_column type=\u00a0\u00bb4_4&Prime; _builder_version=\u00a0\u00bb4.23.3&Prime; _module_preset=\u00a0\u00bbdefault\u00a0\u00bb global_colors_info=\u00a0\u00bb{}\u00a0\u00bb][et_pb_accordion open_toggle_text_color=\u00a0\u00bbgcid-82b81f86-188a-4a0d-bc27-957912f3e4fb\u00a0\u00bb open_toggle_background_color=\u00a0\u00bb#FFFFFF\u00a0\u00bb closed_toggle_text_color=\u00a0\u00bbgcid-63dc6424-0d57-48b2-b05a-a9e3366425b3&Prime; closed_toggle_background_color=\u00a0\u00bb#FFFFFF\u00a0\u00bb toggle_icon=\u00a0\u00bb&#xf0ab;||fa||900&Prime; icon_color=\u00a0\u00bbgcid-63dc6424-0d57-48b2-b05a-a9e3366425b3&Prime; use_icon_font_size=\u00a0\u00bbon\u00a0\u00bb icon_font_size=\u00a0\u00bb24px\u00a0\u00bb module_class=\u00a0\u00bbicon-bulet-list\u00a0\u00bb _builder_version=\u00a0\u00bb4.24.2&Prime; _module_preset=\u00a0\u00bbdefault\u00a0\u00bb toggle_text_color=\u00a0\u00bbgcid-63dc6424-0d57-48b2-b05a-a9e3366425b3&Prime; toggle_font=\u00a0\u00bbExo||||||||\u00a0\u00bb toggle_font_size=\u00a0\u00bb26px\u00a0\u00bb closed_toggle_font=\u00a0\u00bbExo||||||||\u00a0\u00bb closed_toggle_font_size=\u00a0\u00bb22px\u00a0\u00bb body_text_color=\u00a0\u00bbgcid-63dc6424-0d57-48b2-b05a-a9e3366425b3&Prime; body_font_size=\u00a0\u00bb16px\u00a0\u00bb animation_style=\u00a0\u00bbslide\u00a0\u00bb animation_direction=\u00a0\u00bbbottom\u00a0\u00bb border_width_all=\u00a0\u00bb0px\u00a0\u00bb border_style_all=\u00a0\u00bbnone\u00a0\u00bb global_colors_info=\u00a0\u00bb{%22gcid-82b81f86-188a-4a0d-bc27-957912f3e4fb%22:%91%22open_toggle_text_color%22,%22icon_color__hover%22%93,%22gcid-63dc6424-0d57-48b2-b05a-a9e3366425b3%22:%91%22toggle_text_color%22,%22closed_toggle_text_color%22,%22body_text_color%22,%22icon_color%22%93}\u00a0\u00bb icon_color__hover_enabled=\u00a0\u00bbon|desktop\u00a0\u00bb icon_color__hover=\u00a0\u00bb#f0a00f\u00a0\u00bb][et_pb_accordion_item title=\u00a0\u00bbComptabilit\u00e9 et fiscalit\u00e9\u00a0\u00bb open=\u00a0\u00bbon\u00a0\u00bb open_toggle_text_color=\u00a0\u00bbgcid-82b81f86-188a-4a0d-bc27-957912f3e4fb\u00a0\u00bb closed_toggle_text_color=\u00a0\u00bbgcid-63dc6424-0d57-48b2-b05a-a9e3366425b3&Prime; _builder_version=\u00a0\u00bb4.24.2&Prime; _module_preset=\u00a0\u00bbdefault\u00a0\u00bb body_text_color=\u00a0\u00bbgcid-63dc6424-0d57-48b2-b05a-a9e3366425b3&Prime; body_font_size=\u00a0\u00bb16px\u00a0\u00bb body_ul_type=\u00a0\u00bbsquare\u00a0\u00bb body_ul_item_indent=\u00a0\u00bb25px\u00a0\u00bb custom_margin=\u00a0\u00bb||0px||false|false\u00a0\u00bb border_width_bottom=\u00a0\u00bb2px\u00a0\u00bb border_color_bottom=\u00a0\u00bbgcid-63dc6424-0d57-48b2-b05a-a9e3366425b3&Prime; border_style_bottom=\u00a0\u00bbdotted\u00a0\u00bb global_colors_info=\u00a0\u00bb{%22gcid-63dc6424-0d57-48b2-b05a-a9e3366425b3%22:%91%22toggle_text_color%22,%22body_text_color%22,%22closed_toggle_text_color%22,%22border_color_bottom%22%93,%22gcid-82b81f86-188a-4a0d-bc27-957912f3e4fb%22:%91%22open_toggle_text_color%22%93}\u00a0\u00bb toggle_text_color=\u00a0\u00bbgcid-63dc6424-0d57-48b2-b05a-a9e3366425b3&Prime; toggle_font=\u00a0\u00bbExo|600|||||||\u00a0\u00bb toggle_font_size=\u00a0\u00bb26px\u00a0\u00bb closed_toggle_font=\u00a0\u00bbExo||||||||\u00a0\u00bb]<\/p>\n<ul>\n<li>Ex\u00e9cution de la comptabilit\u00e9 g\u00e9n\u00e9rale et analytique<\/li>\n<li>Envoi de toutes les obligations fiscales et parafiscales<\/li>\n<li>Analyse des comptes, rapprochements et propositions de mesures correctives<\/li>\n<li>Pr\u00e9paration des \u00e9tats financiers annuels (individuels et consolid\u00e9s) et des notes correspondantes<\/li>\n<li>Consolidation des comptes<\/li>\n<li>Analyses \u00e9conomiques et financi\u00e8res, avec des r\u00e9unions r\u00e9guli\u00e8res avec les clients<\/li>\n<li>Analyse, suivi et r\u00e9solution des probl\u00e8mes li\u00e9s \u00e0 l&rsquo;administration fiscale<\/li>\n<li>Clarification des doutes li\u00e9s \u00e0 la fiscalit\u00e9<\/li>\n<li>\u00c9tude et analyse de la l\u00e9gislation fiscale et comptable<\/li>\n<li>\u00c9laboration d&rsquo;explications et d&rsquo;\u00e9valuations des r\u00e9glementations techniques<\/li>\n<li>Pr\u00e9paration de dossiers sur les prix de transfert<\/li>\n<li>Mise en \u0153uvre de nouvelles r\u00e9glementations comptables et fiscales<\/li>\n<\/ul>\n<p>[\/et_pb_accordion_item][et_pb_accordion_item title=\u00a0\u00bbConsultance\u00a0\u00bb open_toggle_text_color=\u00a0\u00bbgcid-82b81f86-188a-4a0d-bc27-957912f3e4fb\u00a0\u00bb closed_toggle_text_color=\u00a0\u00bbgcid-63dc6424-0d57-48b2-b05a-a9e3366425b3&Prime; _builder_version=\u00a0\u00bb4.24.2&Prime; _module_preset=\u00a0\u00bbdefault\u00a0\u00bb body_text_color=\u00a0\u00bbgcid-63dc6424-0d57-48b2-b05a-a9e3366425b3&Prime; body_font_size=\u00a0\u00bb16px\u00a0\u00bb body_ul_type=\u00a0\u00bbsquare\u00a0\u00bb body_ul_item_indent=\u00a0\u00bb25px\u00a0\u00bb custom_margin=\u00a0\u00bb||0px||false|false\u00a0\u00bb border_width_bottom=\u00a0\u00bb2px\u00a0\u00bb border_color_bottom=\u00a0\u00bbgcid-63dc6424-0d57-48b2-b05a-a9e3366425b3&Prime; border_style_bottom=\u00a0\u00bbdotted\u00a0\u00bb global_colors_info=\u00a0\u00bb{%22gcid-63dc6424-0d57-48b2-b05a-a9e3366425b3%22:%91%22toggle_text_color%22,%22body_text_color%22,%22closed_toggle_text_color%22,%22border_color_bottom%22,%22toggle_text_color%22,%22body_text_color%22,%22closed_toggle_text_color%22,%22border_color_bottom%22,%22body_text_color%22%93,%22gcid-82b81f86-188a-4a0d-bc27-957912f3e4fb%22:%91%22open_toggle_text_color%22,%22open_toggle_text_color%22%93}\u00a0\u00bb toggle_text_color=\u00a0\u00bbgcid-63dc6424-0d57-48b2-b05a-a9e3366425b3&Prime; toggle_font=\u00a0\u00bbExo|600|||||||\u00a0\u00bb toggle_font_size=\u00a0\u00bb26px\u00a0\u00bb closed_toggle_font=\u00a0\u00bbExo||||||||\u00a0\u00bb open=\u00a0\u00bboff\u00a0\u00bb]<\/p>\n<ul>\n<li>Analyse et soutien des d\u00e9cisions de l&rsquo;entreprise<\/li>\n<li>Analyse des pr\u00e9visions<\/li>\n<li>Business plan<\/li>\n<li>\u00c9tudes et l\u00e9galisations<\/li>\n<li>Soutien dans les n\u00e9gociations financi\u00e8res, notamment avec les institutions financi\u00e8res<\/li>\n<li>Appui \u00e0 la constitution de soci\u00e9t\u00e9s, aux augmentations de capital et aux modifications de l&rsquo;acte constitutif<\/li>\n<\/ul>\n<p>[\/et_pb_accordion_item][et_pb_accordion_item title=\u00a0\u00bbRessources Humaines\u00a0\u00bb open_toggle_text_color=\u00a0\u00bbgcid-82b81f86-188a-4a0d-bc27-957912f3e4fb\u00a0\u00bb closed_toggle_text_color=\u00a0\u00bbgcid-63dc6424-0d57-48b2-b05a-a9e3366425b3&Prime; _builder_version=\u00a0\u00bb4.24.2&Prime; _module_preset=\u00a0\u00bbdefault\u00a0\u00bb body_text_color=\u00a0\u00bbgcid-63dc6424-0d57-48b2-b05a-a9e3366425b3&Prime; body_font_size=\u00a0\u00bb16px\u00a0\u00bb body_ul_type=\u00a0\u00bbsquare\u00a0\u00bb body_ul_item_indent=\u00a0\u00bb25px\u00a0\u00bb custom_margin=\u00a0\u00bb||0px||false|false\u00a0\u00bb border_width_bottom=\u00a0\u00bb2px\u00a0\u00bb border_color_bottom=\u00a0\u00bbgcid-63dc6424-0d57-48b2-b05a-a9e3366425b3&Prime; border_style_bottom=\u00a0\u00bbdotted\u00a0\u00bb global_colors_info=\u00a0\u00bb{%22gcid-63dc6424-0d57-48b2-b05a-a9e3366425b3%22:%91%22toggle_text_color%22,%22body_text_color%22,%22closed_toggle_text_color%22,%22border_color_bottom%22,%22toggle_text_color%22,%22body_text_color%22,%22closed_toggle_text_color%22,%22border_color_bottom%22,%22body_text_color%22%93,%22gcid-82b81f86-188a-4a0d-bc27-957912f3e4fb%22:%91%22open_toggle_text_color%22,%22open_toggle_text_color%22%93}\u00a0\u00bb toggle_text_color=\u00a0\u00bbgcid-63dc6424-0d57-48b2-b05a-a9e3366425b3&Prime; toggle_font=\u00a0\u00bbExo|600|||||||\u00a0\u00bb toggle_font_size=\u00a0\u00bb26px\u00a0\u00bb closed_toggle_font=\u00a0\u00bbExo||||||||\u00a0\u00bb open=\u00a0\u00bboff\u00a0\u00bb]<\/p>\n<ul>\n<li>Soutien \u00e0 la gestion des ressources humaines<\/li>\n<li>La paie et la supervision des obligations respectives<\/li>\n<li>L&rsquo;\u00e9tude, l&rsquo;analyse et le suivi de la l\u00e9gislation du travail et la r\u00e9daction d&rsquo;avis et d&rsquo;\u00e9claircissements<\/li>\n<li>Candidatures aux programmes de subventions au recrutement<\/li>\n<\/ul>\n<p>[\/et_pb_accordion_item][et_pb_accordion_item title=\u00a0\u00bbGestion\u00a0\u00bb open_toggle_text_color=\u00a0\u00bbgcid-82b81f86-188a-4a0d-bc27-957912f3e4fb\u00a0\u00bb closed_toggle_text_color=\u00a0\u00bbgcid-63dc6424-0d57-48b2-b05a-a9e3366425b3&Prime; _builder_version=\u00a0\u00bb4.24.2&Prime; _module_preset=\u00a0\u00bbdefault\u00a0\u00bb body_text_color=\u00a0\u00bbgcid-63dc6424-0d57-48b2-b05a-a9e3366425b3&Prime; body_font_size=\u00a0\u00bb16px\u00a0\u00bb body_ul_type=\u00a0\u00bbsquare\u00a0\u00bb body_ul_item_indent=\u00a0\u00bb25px\u00a0\u00bb custom_margin=\u00a0\u00bb||0px||false|false\u00a0\u00bb border_width_bottom=\u00a0\u00bb2px\u00a0\u00bb border_color_bottom=\u00a0\u00bbgcid-63dc6424-0d57-48b2-b05a-a9e3366425b3&Prime; border_style_bottom=\u00a0\u00bbdotted\u00a0\u00bb global_colors_info=\u00a0\u00bb{%22gcid-63dc6424-0d57-48b2-b05a-a9e3366425b3%22:%91%22toggle_text_color%22,%22body_text_color%22,%22closed_toggle_text_color%22,%22border_color_bottom%22,%22toggle_text_color%22,%22body_text_color%22,%22closed_toggle_text_color%22,%22border_color_bottom%22,%22body_text_color%22%93,%22gcid-82b81f86-188a-4a0d-bc27-957912f3e4fb%22:%91%22open_toggle_text_color%22,%22open_toggle_text_color%22%93}\u00a0\u00bb toggle_text_color=\u00a0\u00bbgcid-63dc6424-0d57-48b2-b05a-a9e3366425b3&Prime; toggle_font=\u00a0\u00bbExo|600|||||||\u00a0\u00bb toggle_font_size=\u00a0\u00bb26px\u00a0\u00bb closed_toggle_font=\u00a0\u00bbExo||||||||\u00a0\u00bb open=\u00a0\u00bboff\u00a0\u00bb]<\/p>\n<ul>\n<li>Diagnostic de la situation \u00e9conomique et financi\u00e8re<\/li>\n<li>Gestion financi\u00e8re et organisation administrative<\/li>\n<li>Analyse et mise en \u0153uvre des syst\u00e8mes de contr\u00f4le interne, des circuits documentaires et adaptation des syst\u00e8mes informatiques existants<\/li>\n<li>Mise en \u0153uvre de syst\u00e8mes d&rsquo;inventaire permanent, de syst\u00e8mes de calcul des co\u00fbts et de comptabilit\u00e9 analytique<\/li>\n<li>Contr\u00f4le de la tr\u00e9sorerie<\/li>\n<\/ul>\n<p>[\/et_pb_accordion_item][et_pb_accordion_item title=\u00a0\u00bbSubventions et Projets d&#039;Investissement\u00a0\u00bb open_toggle_text_color=\u00a0\u00bbgcid-82b81f86-188a-4a0d-bc27-957912f3e4fb\u00a0\u00bb closed_toggle_text_color=\u00a0\u00bbgcid-63dc6424-0d57-48b2-b05a-a9e3366425b3&Prime; _builder_version=\u00a0\u00bb4.24.2&Prime; _module_preset=\u00a0\u00bbdefault\u00a0\u00bb body_text_color=\u00a0\u00bbgcid-63dc6424-0d57-48b2-b05a-a9e3366425b3&Prime; body_font_size=\u00a0\u00bb16px\u00a0\u00bb body_ul_type=\u00a0\u00bbsquare\u00a0\u00bb body_ul_item_indent=\u00a0\u00bb25px\u00a0\u00bb border_color_bottom=\u00a0\u00bbgcid-63dc6424-0d57-48b2-b05a-a9e3366425b3&Prime; global_colors_info=\u00a0\u00bb{%22gcid-63dc6424-0d57-48b2-b05a-a9e3366425b3%22:%91%22toggle_text_color%22,%22body_text_color%22,%22closed_toggle_text_color%22,%22border_color_bottom%22,%22body_text_color%22%93,%22gcid-82b81f86-188a-4a0d-bc27-957912f3e4fb%22:%91%22open_toggle_text_color%22%93}\u00a0\u00bb toggle_text_color=\u00a0\u00bbgcid-63dc6424-0d57-48b2-b05a-a9e3366425b3&Prime; toggle_font=\u00a0\u00bbExo|600|||||||\u00a0\u00bb toggle_font_size=\u00a0\u00bb26px\u00a0\u00bb closed_toggle_font=\u00a0\u00bbExo||||||||\u00a0\u00bb open=\u00a0\u00bboff\u00a0\u00bb]<\/p>\n<ul>\n<li>\u00c9tudes et projets \u00e9conomiques et financiers<\/li>\n<li>Candidature aux programmes d&rsquo;aide \u00e0 l&rsquo;investissement aux A\u00e7ores<\/li>\n<li>Candidature aux programmes d&rsquo;aide \u00e0 l&rsquo;investissement \u00e0 Portugal Continental<\/li>\n<\/ul>\n<p>[\/et_pb_accordion_item][\/et_pb_accordion][\/et_pb_column][\/et_pb_row][\/et_pb_section][et_pb_section fb_built=\u00a0\u00bb1&Prime; _builder_version=\u00a0\u00bb4.23.3&Prime; _module_preset=\u00a0\u00bbdefault\u00a0\u00bb background_color=\u00a0\u00bbgcid-82b81f86-188a-4a0d-bc27-957912f3e4fb\u00a0\u00bb use_background_color_gradient=\u00a0\u00bbon\u00a0\u00bb background_color_gradient_direction=\u00a0\u00bb80deg\u00a0\u00bb background_color_gradient_stops=\u00a0\u00bb#f0a00f 8%|rgba(240,160,15,0.85) 34%|rgba(240,160,15,0.8) 88%\u00a0\u00bb background_color_gradient_overlays_image=\u00a0\u00bbon\u00a0\u00bb background_image=\u00a0\u00bbhttps:\/\/cingel.pt\/wp-content\/uploads\/2023\/12\/banner-01PB.jpg\u00a0\u00bb parallax=\u00a0\u00bbon\u00a0\u00bb parallax_method=\u00a0\u00bboff\u00a0\u00bb background_enable_pattern_style=\u00a0\u00bbon\u00a0\u00bb background_pattern_style=\u00a0\u00bbdiagonal-stripes-2&Prime; background_pattern_size=\u00a0\u00bbcustom\u00a0\u00bb background_pattern_width=\u00a0\u00bb5px\u00a0\u00bb global_colors_info=\u00a0\u00bb{%22gcid-82b81f86-188a-4a0d-bc27-957912f3e4fb%22:%91%22background_color%22%93}\u00a0\u00bb][et_pb_row _builder_version=\u00a0\u00bb4.23.3&Prime; _module_preset=\u00a0\u00bbdefault\u00a0\u00bb global_colors_info=\u00a0\u00bb{}\u00a0\u00bb][et_pb_column type=\u00a0\u00bb4_4&Prime; _builder_version=\u00a0\u00bb4.23.3&Prime; _module_preset=\u00a0\u00bbdefault\u00a0\u00bb global_colors_info=\u00a0\u00bb{}\u00a0\u00bb][et_pb_cta title=\u00a0\u00bbSubventions et Projets d&#039;Investissement\u00a0\u00bb button_url=\u00a0\u00bb@ET-DC@eyJkeW5hbWljIjp0cnVlLCJjb250ZW50IjoicG9zdF9saW5rX3VybF9wYWdlIiwic2V0dGluZ3MiOnsicG9zdF9pZCI6IjQ2In19@\u00a0\u00bb button_text=\u00a0\u00bbEn savoir plus ici\u00a0\u00bb _builder_version=\u00a0\u00bb4.23.3&Prime; _dynamic_attributes=\u00a0\u00bbbutton_url\u00a0\u00bb _module_preset=\u00a0\u00bbdefault\u00a0\u00bb header_font=\u00a0\u00bbExo|300||on|||||\u00a0\u00bb header_font_size=\u00a0\u00bb55px\u00a0\u00bb body_font=\u00a0\u00bbExo|600||on|||||\u00a0\u00bb body_text_color=\u00a0\u00bb#FFFFFF\u00a0\u00bb body_font_size=\u00a0\u00bb18px\u00a0\u00bb body_line_height=\u00a0\u00bb1.6em\u00a0\u00bb background_color=\u00a0\u00bbRGBA(255,255,255,0)\u00a0\u00bb background_enable_image=\u00a0\u00bboff\u00a0\u00bb custom_button=\u00a0\u00bbon\u00a0\u00bb button_bg_color=\u00a0\u00bbgcid-63dc6424-0d57-48b2-b05a-a9e3366425b3&Prime; button_border_width=\u00a0\u00bb0px\u00a0\u00bb button_font=\u00a0\u00bbExo||||||||\u00a0\u00bb button_use_icon=\u00a0\u00bboff\u00a0\u00bb width=\u00a0\u00bb80%\u00a0\u00bb width_tablet=\u00a0\u00bb100%\u00a0\u00bb width_phone=\u00a0\u00bb100%\u00a0\u00bb width_last_edited=\u00a0\u00bbon|phone\u00a0\u00bb module_alignment=\u00a0\u00bbcenter\u00a0\u00bb custom_padding=\u00a0\u00bb25px|5px|25px|5px|true|true\u00a0\u00bb custom_padding_tablet=\u00a0\u00bb25px|5px|25px|5px|true|true\u00a0\u00bb custom_padding_phone=\u00a0\u00bb25px|5px|25px|5px|true|true\u00a0\u00bb custom_padding_last_edited=\u00a0\u00bbon|phone\u00a0\u00bb header_font_size_tablet=\u00a0\u00bb55px\u00a0\u00bb header_font_size_phone=\u00a0\u00bb45px\u00a0\u00bb header_font_size_last_edited=\u00a0\u00bbon|phone\u00a0\u00bb body_font_size_tablet=\u00a0\u00bb18px\u00a0\u00bb body_font_size_phone=\u00a0\u00bb16px\u00a0\u00bb body_font_size_last_edited=\u00a0\u00bbon|tablet\u00a0\u00bb global_colors_info=\u00a0\u00bb{%22gcid-63dc6424-0d57-48b2-b05a-a9e3366425b3%22:%91%22button_bg_color%22,%22button_text_color__hover%22,%22button_bg_color%22,%22button_text_color__hover%22%93,%22gcid-82b81f86-188a-4a0d-bc27-957912f3e4fb%22:%91%22button_bg_color__hover%22%93}\u00a0\u00bb button_bg_color__hover=\u00a0\u00bb#FFFFFF\u00a0\u00bb button_bg_color__hover_enabled=\u00a0\u00bbon|hover\u00a0\u00bb button_bg_enable_color__hover=\u00a0\u00bbon\u00a0\u00bb button_text_color__hover_enabled=\u00a0\u00bbon|hover\u00a0\u00bb button_text_color__hover=\u00a0\u00bb#595959&Prime;]<\/p>\n<p>D\u00e9couvrez les subventions disponibles pour les entreprises qui font partie des subventions actuelles. d\u00e9couvrez pourquoi cingel est le partenaire id\u00e9al pour \u00e9laborer et soumettre un projet d\u2019investissement. <\/p>\n<p>[\/et_pb_cta][\/et_pb_column][\/et_pb_row][\/et_pb_section]<\/p>\n","protected":false},"excerpt":{"rendered":"<p><div class=\"et_pb_module dmpro_breadcrumbs dmpro_breadcrumbs_0\">\n\t\t\t\t\n\t\t\t\t\n\t\t\t\t\n\t\t\t\t\n\t\t\t\t\n\t\t\t\t\n\t\t\t\t<div class=\"et_pb_module_inner\">\n\t\t\t\t\t<div class=\"dmpro-breadcrumbs\">\n                <ul >\n                    \t\n                    <li  class=\"dmpro-breadcrumb-item dmpro-breadcrumb-home\">\n                                    <a  href=\"https:\/\/cingel.pt\/\">\n                        <span  >\n                            <span class=\"et-pb-icon dmpro-home-icon\"><\/span>                                                    <\/span>\n                    <\/a>\n                                            <\/li>\n\t\t\t\n            \n            <li class=\"dmpro-breadcrumb-separator\"><span class=\"et-pb-icon dmpro-separator-icon\">$<\/span><\/li>\t\t\t\n            \n                <\/ul>\n            <\/div>\n\t\t\t\t<\/div>\n\t\t\t<\/div>Cingel se positionne de plus en plus comme une organisation flexible,\u2026 <a href=\"https:\/\/cingel.pt\/fr\/services\/\">Read More &raquo;<\/a><\/p>\n","protected":false},"author":1,"featured_media":0,"parent":0,"menu_order":0,"comment_status":"closed","ping_status":"closed","template":"","meta":{"_et_pb_use_builder":"on","_et_pb_old_content":"","_et_gb_content_width":"","footnotes":""},"class_list":["post-5743","page","type-page","status-publish","hentry"],"aioseo_notices":[],"_links":{"self":[{"href":"https:\/\/cingel.pt\/fr\/wp-json\/wp\/v2\/pages\/5743","targetHints":{"allow":["GET"]}}],"collection":[{"href":"https:\/\/cingel.pt\/fr\/wp-json\/wp\/v2\/pages"}],"about":[{"href":"https:\/\/cingel.pt\/fr\/wp-json\/wp\/v2\/types\/page"}],"author":[{"embeddable":true,"href":"https:\/\/cingel.pt\/fr\/wp-json\/wp\/v2\/users\/1"}],"replies":[{"embeddable":true,"href":"https:\/\/cingel.pt\/fr\/wp-json\/wp\/v2\/comments?post=5743"}],"version-history":[{"count":6,"href":"https:\/\/cingel.pt\/fr\/wp-json\/wp\/v2\/pages\/5743\/revisions"}],"predecessor-version":[{"id":5851,"href":"https:\/\/cingel.pt\/fr\/wp-json\/wp\/v2\/pages\/5743\/revisions\/5851"}],"wp:attachment":[{"href":"https:\/\/cingel.pt\/fr\/wp-json\/wp\/v2\/media?parent=5743"}],"curies":[{"name":"wp","href":"https:\/\/api.w.org\/{rel}","templated":true}]}}