{"id":5482,"date":"2023-12-07T12:00:16","date_gmt":"2023-12-07T12:00:16","guid":{"rendered":"https:\/\/cingel.pt\/servicios\/"},"modified":"2024-10-03T17:51:25","modified_gmt":"2024-10-03T16:51:25","slug":"servicios","status":"publish","type":"page","link":"https:\/\/cingel.pt\/es\/servicios\/","title":{"rendered":"Servicios"},"content":{"rendered":"<p>[et_pb_section fb_built=\u00bb1&#8243; _builder_version=\u00bb4.23.3&#8243; _module_preset=\u00bbdefault\u00bb background_enable_image=\u00bboff\u00bb background_position=\u00bbtop_center\u00bb background_vertical_offset=\u00bb58%\u00bb background_enable_pattern_style=\u00bbon\u00bb background_pattern_style=\u00bbdiagonal-stripes-2&#8243; background_pattern_size=\u00bbcustom\u00bb background_pattern_width=\u00bb5px\u00bb height=\u00bb23em\u00bb height_tablet=\u00bb25em\u00bb height_phone=\u00bb38em\u00bb height_last_edited=\u00bbon|phone\u00bb custom_margin=\u00bb0px||-5px||false|false\u00bb custom_margin_tablet=\u00bb0px||-70px||false|false\u00bb custom_margin_phone=\u00bb0px||-70px||false|false\u00bb custom_margin_last_edited=\u00bbon|phone\u00bb custom_padding=\u00bb0px||0px||true|false\u00bb top_divider_height=\u00bb221px\u00bb top_divider_flip=\u00bbhorizontal|vertical\u00bb bottom_divider_style=\u00bbmountains2&#8243; bottom_divider_color=\u00bb#FFFFFF\u00bb bottom_divider_height=\u00bb150px\u00bb bottom_divider_repeat=\u00bb1x\u00bb bottom_divider_height_tablet=\u00bb200px\u00bb bottom_divider_height_phone=\u00bb250px\u00bb bottom_divider_height_last_edited=\u00bbon|tablet\u00bb background_last_edited=\u00bbon|tablet\u00bb global_colors_info=\u00bb{%22gcid-82b81f86-188a-4a0d-bc27-957912f3e4fb%22:%91%22background_color_gradient_stops%22%93}\u00bb][et_pb_row column_structure=\u00bb1_2,1_2&#8243; _builder_version=\u00bb4.23.3&#8243; _module_preset=\u00bbdefault\u00bb custom_margin=\u00bb0px||||false|false\u00bb custom_padding=\u00bb20px||||false|false\u00bb pac_drh_column_numbers_tablet=\u00bbpac_drh_tab_col_two\u00bb pac_drh_column_numbers_phone=\u00bbpac_drh_phone_col_one\u00bb global_colors_info=\u00bb{}\u00bb max_width__hover_enabled=\u00bboff|desktop\u00bb][et_pb_column type=\u00bb1_2&#8243; admin_label=\u00bbColuna 1&#8243; _builder_version=\u00bb4.23.3&#8243; _module_preset=\u00bbdefault\u00bb custom_padding=\u00bb20px||||false|false\u00bb global_colors_info=\u00bb{}\u00bb][et_pb_heading title=\u00bbNUESTROS SERVICIOS\u00bb _builder_version=\u00bb4.23.3&#8243; _module_preset=\u00bbdefault\u00bb title_font=\u00bbExo|300||on|||||\u00bb title_text_color=\u00bbgcid-63dc6424-0d57-48b2-b05a-a9e3366425b3&#8243; title_font_size=\u00bb60px\u00bb title_line_height=\u00bb1.1em\u00bb title_font_size_tablet=\u00bb50px\u00bb title_font_size_phone=\u00bb40px\u00bb title_font_size_last_edited=\u00bbon|phone\u00bb global_colors_info=\u00bb{%22gcid-63dc6424-0d57-48b2-b05a-a9e3366425b3%22:%91%22title_text_color%22%93}\u00bb][\/et_pb_heading][dmpro_breadcrumbs bc_custom_home=\u00bbon\u00bb bc_home_url=\u00bbhttps:\/\/cingel.pt\/\u00bb bc_home_icon=\u00bbon\u00bb bc_home_color=\u00bbgcid-63dc6424-0d57-48b2-b05a-a9e3366425b3&#8243; bc_hover_home_color=\u00bbgcid-82b81f86-188a-4a0d-bc27-957912f3e4fb\u00bb bc_schema=\u00bboff\u00bb bc_separator_color=\u00bbgcid-63dc6424-0d57-48b2-b05a-a9e3366425b3&#8243; bc_separator_space=\u00bb2px\u00bb _builder_version=\u00bb4.23.3&#8243; _module_preset=\u00bbdefault\u00bb items_font=\u00bbExo||||||||\u00bb items_text_color=\u00bbgcid-63dc6424-0d57-48b2-b05a-a9e3366425b3&#8243; hover_font=\u00bbExo|500|||||||\u00bb hover_text_color=\u00bbgcid-63dc6424-0d57-48b2-b05a-a9e3366425b3&#8243; active_font=\u00bbExo|800|||||||\u00bb active_text_color=\u00bbgcid-82b81f86-188a-4a0d-bc27-957912f3e4fb\u00bb custom_margin=\u00bb0px||100px||false|false\u00bb locked=\u00bboff\u00bb global_colors_info=\u00bb{%22gcid-63dc6424-0d57-48b2-b05a-a9e3366425b3%22:%91%22items_text_color%22,%22hover_text_color%22,%22bc_home_color%22,%22bc_separator_color%22%93,%22gcid-82b81f86-188a-4a0d-bc27-957912f3e4fb%22:%91%22active_text_color%22,%22bc_hover_home_color%22%93}\u00bb][\/dmpro_breadcrumbs][\/et_pb_column][et_pb_column type=\u00bb1_2&#8243; admin_label=\u00bbColuna 2&#8243; _builder_version=\u00bb4.23.3&#8243; _module_preset=\u00bbdefault\u00bb custom_padding=\u00bb0px||||false|false\u00bb global_colors_info=\u00bb{}\u00bb][et_pb_image src=\u00bbhttps:\/\/cingel.pt\/wp-content\/uploads\/2023\/12\/cingel-banner-projetos-1024&#215;743.png\u00bb title_text=\u00bbcingel-banner-projetos\u00bb _builder_version=\u00bb4.23.3&#8243; _module_preset=\u00bbdefault\u00bb z_index=\u00bb141&#8243; custom_margin=\u00bb-20px||||false|false\u00bb animation_style=\u00bbslide\u00bb animation_direction=\u00bbtop\u00bb global_colors_info=\u00bb{}\u00bb][\/et_pb_image][\/et_pb_column][\/et_pb_row][\/et_pb_section][et_pb_section fb_built=\u00bb1&#8243; _builder_version=\u00bb4.23.3&#8243; _module_preset=\u00bbdefault\u00bb background_color=\u00bbRGBA(255,255,255,0)\u00bb custom_padding=\u00bb30px||30px|||\u00bb locked=\u00bboff\u00bb global_colors_info=\u00bb{}\u00bb][et_pb_row _builder_version=\u00bb4.23.1&#8243; _module_preset=\u00bbdefault\u00bb background_color=\u00bbRGBA(255,255,255,0)\u00bb custom_padding=\u00bb27px|||||\u00bb global_colors_info=\u00bb{}\u00bb][et_pb_column type=\u00bb4_4&#8243; _builder_version=\u00bb4.23.1&#8243; _module_preset=\u00bbdefault\u00bb global_colors_info=\u00bb{}\u00bb][et_pb_text _builder_version=\u00bb4.25.1&#8243; _module_preset=\u00bbdefault\u00bb text_font_size=\u00bb18px\u00bb global_colors_info=\u00bb{}\u00bb]<\/p>\n<p>Cingel se ido posicionando cada vez m\u00e1s como una organizaci\u00f3n flexible capaz de proporcionar a sus clientes informaci\u00f3n actualizada y de calidad, as\u00ed como de herramientas para aprovechar las oportunidades emergentes.<\/p>\n<p>Es m\u00e1s que un grupo de contabilidad, tambi\u00e9n se dedica a proyectos de inversi\u00f3n, consultor\u00eda, an\u00e1lisis financiero, fiscalidad, colaboraci\u00f3n en la gesti\u00f3n, recursos humanos y formaci\u00f3n.<\/p>\n<p>[\/et_pb_text][\/et_pb_column][\/et_pb_row][\/et_pb_section][et_pb_section fb_built=\u00bb1&#8243; _builder_version=\u00bb4.23.3&#8243; _module_preset=\u00bbdefault\u00bb custom_padding=\u00bb25px||30px|||\u00bb global_colors_info=\u00bb{}\u00bb][et_pb_row _builder_version=\u00bb4.23.3&#8243; _module_preset=\u00bbdefault\u00bb custom_padding=\u00bb4px|||||\u00bb global_colors_info=\u00bb{}\u00bb][et_pb_column type=\u00bb4_4&#8243; _builder_version=\u00bb4.23.3&#8243; _module_preset=\u00bbdefault\u00bb global_colors_info=\u00bb{}\u00bb][et_pb_accordion open_toggle_text_color=\u00bbgcid-82b81f86-188a-4a0d-bc27-957912f3e4fb\u00bb open_toggle_background_color=\u00bb#FFFFFF\u00bb closed_toggle_text_color=\u00bbgcid-63dc6424-0d57-48b2-b05a-a9e3366425b3&#8243; closed_toggle_background_color=\u00bb#FFFFFF\u00bb toggle_icon=\u00bb&#xf0ab;||fa||900&#8243; icon_color=\u00bbgcid-63dc6424-0d57-48b2-b05a-a9e3366425b3&#8243; use_icon_font_size=\u00bbon\u00bb icon_font_size=\u00bb24px\u00bb module_class=\u00bbicon-bulet-list\u00bb _builder_version=\u00bb4.24.2&#8243; _module_preset=\u00bbdefault\u00bb toggle_text_color=\u00bbgcid-63dc6424-0d57-48b2-b05a-a9e3366425b3&#8243; toggle_font=\u00bbExo||||||||\u00bb toggle_font_size=\u00bb26px\u00bb closed_toggle_font=\u00bbExo||||||||\u00bb closed_toggle_font_size=\u00bb22px\u00bb body_text_color=\u00bbgcid-63dc6424-0d57-48b2-b05a-a9e3366425b3&#8243; body_font_size=\u00bb16px\u00bb animation_style=\u00bbslide\u00bb animation_direction=\u00bbbottom\u00bb border_width_all=\u00bb0px\u00bb border_style_all=\u00bbnone\u00bb global_colors_info=\u00bb{%22gcid-82b81f86-188a-4a0d-bc27-957912f3e4fb%22:%91%22open_toggle_text_color%22,%22icon_color__hover%22%93,%22gcid-63dc6424-0d57-48b2-b05a-a9e3366425b3%22:%91%22toggle_text_color%22,%22closed_toggle_text_color%22,%22body_text_color%22,%22icon_color%22%93}\u00bb icon_color__hover_enabled=\u00bbon|desktop\u00bb icon_color__hover=\u00bb#f0a00f\u00bb][et_pb_accordion_item title=\u00bbContabilidad y fiscalidad\u00bb open=\u00bbon\u00bb open_toggle_text_color=\u00bbgcid-82b81f86-188a-4a0d-bc27-957912f3e4fb\u00bb closed_toggle_text_color=\u00bbgcid-63dc6424-0d57-48b2-b05a-a9e3366425b3&#8243; _builder_version=\u00bb4.24.2&#8243; _module_preset=\u00bbdefault\u00bb body_text_color=\u00bbgcid-63dc6424-0d57-48b2-b05a-a9e3366425b3&#8243; body_font_size=\u00bb16px\u00bb body_ul_type=\u00bbsquare\u00bb body_ul_item_indent=\u00bb25px\u00bb custom_margin=\u00bb||0px||false|false\u00bb border_width_bottom=\u00bb2px\u00bb border_color_bottom=\u00bbgcid-63dc6424-0d57-48b2-b05a-a9e3366425b3&#8243; border_style_bottom=\u00bbdotted\u00bb global_colors_info=\u00bb{%22gcid-63dc6424-0d57-48b2-b05a-a9e3366425b3%22:%91%22toggle_text_color%22,%22body_text_color%22,%22closed_toggle_text_color%22,%22border_color_bottom%22%93,%22gcid-82b81f86-188a-4a0d-bc27-957912f3e4fb%22:%91%22open_toggle_text_color%22%93}\u00bb toggle_text_color=\u00bbgcid-63dc6424-0d57-48b2-b05a-a9e3366425b3&#8243; toggle_font=\u00bbExo|600|||||||\u00bb toggle_font_size=\u00bb26px\u00bb closed_toggle_font=\u00bbExo||||||||\u00bb]<\/p>\n<ul>\n<li>Elaboraci\u00f3n de la contabilidad general y anal\u00edtica<\/li>\n<li>Env\u00edo de impuestos y presentaci\u00f3n de declaraciones fiscales<\/li>\n<li>An\u00e1lisis de cuentas, comprobaci\u00f3n y propuesta de medidas correctoras<\/li>\n<li>Preparaci\u00f3n de los estados financieros anuales (individuales y consolidados) y de las notas respectivas<\/li>\n<li>Consolidaci\u00f3n de cuentas<\/li>\n<li>An\u00e1lisis econ\u00f3micos y financieros, con reuniones peri\u00f3dicas con los clientes<\/li>\n<li>An\u00e1lisis, seguimiento y resoluci\u00f3n de problemas relacionados con las autoridades fiscales<\/li>\n<li>Aclaraci\u00f3n de consultas fiscales<\/li>\n<li>Estudio y an\u00e1lisis de la legislaci\u00f3n fiscal y contable<\/li>\n<li>Redacci\u00f3n de aclaraciones, dict\u00e1menes y normas t\u00e9cnicas<\/li>\n<li>Elaboraci\u00f3n del expediente de precios de transferencia<\/li>\n<li>Aplicaci\u00f3n de nuevas medidas contables y fiscales<\/li>\n<\/ul>\n<p>[\/et_pb_accordion_item][et_pb_accordion_item title=\u00bbConsultor\u00eda\u00bb open_toggle_text_color=\u00bbgcid-82b81f86-188a-4a0d-bc27-957912f3e4fb\u00bb closed_toggle_text_color=\u00bbgcid-63dc6424-0d57-48b2-b05a-a9e3366425b3&#8243; _builder_version=\u00bb4.24.2&#8243; _module_preset=\u00bbdefault\u00bb body_text_color=\u00bbgcid-63dc6424-0d57-48b2-b05a-a9e3366425b3&#8243; body_font_size=\u00bb16px\u00bb body_ul_type=\u00bbsquare\u00bb body_ul_item_indent=\u00bb25px\u00bb custom_margin=\u00bb||0px||false|false\u00bb border_width_bottom=\u00bb2px\u00bb border_color_bottom=\u00bbgcid-63dc6424-0d57-48b2-b05a-a9e3366425b3&#8243; border_style_bottom=\u00bbdotted\u00bb global_colors_info=\u00bb{%22gcid-63dc6424-0d57-48b2-b05a-a9e3366425b3%22:%91%22toggle_text_color%22,%22body_text_color%22,%22closed_toggle_text_color%22,%22border_color_bottom%22,%22toggle_text_color%22,%22body_text_color%22,%22closed_toggle_text_color%22,%22border_color_bottom%22,%22body_text_color%22%93,%22gcid-82b81f86-188a-4a0d-bc27-957912f3e4fb%22:%91%22open_toggle_text_color%22,%22open_toggle_text_color%22%93}\u00bb toggle_text_color=\u00bbgcid-63dc6424-0d57-48b2-b05a-a9e3366425b3&#8243; toggle_font=\u00bbExo|600|||||||\u00bb toggle_font_size=\u00bb26px\u00bb closed_toggle_font=\u00bbExo||||||||\u00bb open=\u00bboff\u00bb]<\/p>\n<ul>\n<li>An\u00e1lisis y apoyo a las decisiones empresariales<\/li>\n<li>An\u00e1lisis de previsiones<\/li>\n<li>Planes de negocio<\/li>\n<li>Estudios y legalizaciones diversas<\/li>\n<li>Apoyo en negociaciones financieras, especialmente con instituciones financieras<\/li>\n<li>Apoyo en la constituci\u00f3n de sociedades, ampliaciones de capital y modificaciones estatutarias<\/li>\n<\/ul>\n<p>[\/et_pb_accordion_item][et_pb_accordion_item title=\u00bbRecursos Humanos\u00bb open_toggle_text_color=\u00bbgcid-82b81f86-188a-4a0d-bc27-957912f3e4fb\u00bb closed_toggle_text_color=\u00bbgcid-63dc6424-0d57-48b2-b05a-a9e3366425b3&#8243; _builder_version=\u00bb4.24.2&#8243; _module_preset=\u00bbdefault\u00bb body_text_color=\u00bbgcid-63dc6424-0d57-48b2-b05a-a9e3366425b3&#8243; body_font_size=\u00bb16px\u00bb body_ul_type=\u00bbsquare\u00bb body_ul_item_indent=\u00bb25px\u00bb custom_margin=\u00bb||0px||false|false\u00bb border_width_bottom=\u00bb2px\u00bb border_color_bottom=\u00bbgcid-63dc6424-0d57-48b2-b05a-a9e3366425b3&#8243; border_style_bottom=\u00bbdotted\u00bb global_colors_info=\u00bb{%22gcid-63dc6424-0d57-48b2-b05a-a9e3366425b3%22:%91%22toggle_text_color%22,%22body_text_color%22,%22closed_toggle_text_color%22,%22border_color_bottom%22,%22toggle_text_color%22,%22body_text_color%22,%22closed_toggle_text_color%22,%22border_color_bottom%22,%22body_text_color%22%93,%22gcid-82b81f86-188a-4a0d-bc27-957912f3e4fb%22:%91%22open_toggle_text_color%22,%22open_toggle_text_color%22%93}\u00bb toggle_text_color=\u00bbgcid-63dc6424-0d57-48b2-b05a-a9e3366425b3&#8243; toggle_font=\u00bbExo|600|||||||\u00bb toggle_font_size=\u00bb26px\u00bb closed_toggle_font=\u00bbExo||||||||\u00bb open=\u00bboff\u00bb]<\/p>\n<ul>\n<li>Apoyo en la gesti\u00f3n de los recursos humanos<\/li>\n<li>Procesamiento de salarios y supervisi\u00f3n de las respectivas obligaciones de informaci\u00f3n<\/li>\n<li>Estudio, an\u00e1lisis y seguimiento de la legislaci\u00f3n laboral y elaboraci\u00f3n de dict\u00e1menes y aclaraciones<\/li>\n<li>Solicitud de incentivos a la contrataci\u00f3n<\/li>\n<\/ul>\n<p>[\/et_pb_accordion_item][et_pb_accordion_item title=\u00bbGesti\u00f3n\u00bb open_toggle_text_color=\u00bbgcid-82b81f86-188a-4a0d-bc27-957912f3e4fb\u00bb closed_toggle_text_color=\u00bbgcid-63dc6424-0d57-48b2-b05a-a9e3366425b3&#8243; _builder_version=\u00bb4.24.2&#8243; _module_preset=\u00bbdefault\u00bb body_text_color=\u00bbgcid-63dc6424-0d57-48b2-b05a-a9e3366425b3&#8243; body_font_size=\u00bb16px\u00bb body_ul_type=\u00bbsquare\u00bb body_ul_item_indent=\u00bb25px\u00bb custom_margin=\u00bb||0px||false|false\u00bb border_width_bottom=\u00bb2px\u00bb border_color_bottom=\u00bbgcid-63dc6424-0d57-48b2-b05a-a9e3366425b3&#8243; border_style_bottom=\u00bbdotted\u00bb global_colors_info=\u00bb{%22gcid-63dc6424-0d57-48b2-b05a-a9e3366425b3%22:%91%22toggle_text_color%22,%22body_text_color%22,%22closed_toggle_text_color%22,%22border_color_bottom%22,%22toggle_text_color%22,%22body_text_color%22,%22closed_toggle_text_color%22,%22border_color_bottom%22,%22body_text_color%22%93,%22gcid-82b81f86-188a-4a0d-bc27-957912f3e4fb%22:%91%22open_toggle_text_color%22,%22open_toggle_text_color%22%93}\u00bb toggle_text_color=\u00bbgcid-63dc6424-0d57-48b2-b05a-a9e3366425b3&#8243; toggle_font=\u00bbExo|600|||||||\u00bb toggle_font_size=\u00bb26px\u00bb closed_toggle_font=\u00bbExo||||||||\u00bb open=\u00bboff\u00bb]<\/p>\n<ul>\n<li>Diagn\u00f3stico de la situaci\u00f3n econ\u00f3mica y financiera<\/li>\n<li>Gesti\u00f3n financiera y organizaci\u00f3n administrativa<\/li>\n<li>An\u00e1lisis e implantaci\u00f3n de sistemas de control interno, circuitos documentales y adaptaci\u00f3n de los sistemas inform\u00e1ticos existentes<\/li>\n<li>Implantaci\u00f3n de sistemas de inventario permanente, sistemas de c\u00e1lculo de costes y contabilidad anal\u00edtica<\/li>\n<li>Control de tesorer\u00eda<\/li>\n<\/ul>\n<p>[\/et_pb_accordion_item][et_pb_accordion_item title=\u00bbIncentivos y Proyectos de Inversi\u00f3n\u00bb open_toggle_text_color=\u00bbgcid-82b81f86-188a-4a0d-bc27-957912f3e4fb\u00bb closed_toggle_text_color=\u00bbgcid-63dc6424-0d57-48b2-b05a-a9e3366425b3&#8243; _builder_version=\u00bb4.24.2&#8243; _module_preset=\u00bbdefault\u00bb body_text_color=\u00bbgcid-63dc6424-0d57-48b2-b05a-a9e3366425b3&#8243; body_font_size=\u00bb16px\u00bb body_ul_type=\u00bbsquare\u00bb body_ul_item_indent=\u00bb25px\u00bb border_color_bottom=\u00bbgcid-63dc6424-0d57-48b2-b05a-a9e3366425b3&#8243; global_colors_info=\u00bb{%22gcid-63dc6424-0d57-48b2-b05a-a9e3366425b3%22:%91%22toggle_text_color%22,%22body_text_color%22,%22closed_toggle_text_color%22,%22border_color_bottom%22,%22body_text_color%22%93,%22gcid-82b81f86-188a-4a0d-bc27-957912f3e4fb%22:%91%22open_toggle_text_color%22%93}\u00bb toggle_text_color=\u00bbgcid-63dc6424-0d57-48b2-b05a-a9e3366425b3&#8243; toggle_font=\u00bbExo|600|||||||\u00bb toggle_font_size=\u00bb26px\u00bb closed_toggle_font=\u00bbExo||||||||\u00bb open=\u00bboff\u00bb]<\/p>\n<ul>\n<li>Estudios y Proyectos Econ\u00f3micos y Financieros<\/li>\n<li>Solicitud de programas de apoyo a la inversi\u00f3n en las Azores<\/li>\n<li>Solicitud de programas de apoyo a la inversi\u00f3n en el continente<\/li>\n<\/ul>\n<p>[\/et_pb_accordion_item][\/et_pb_accordion][\/et_pb_column][\/et_pb_row][\/et_pb_section][et_pb_section fb_built=\u00bb1&#8243; _builder_version=\u00bb4.23.3&#8243; _module_preset=\u00bbdefault\u00bb background_color=\u00bbgcid-82b81f86-188a-4a0d-bc27-957912f3e4fb\u00bb use_background_color_gradient=\u00bbon\u00bb background_color_gradient_direction=\u00bb80deg\u00bb background_color_gradient_stops=\u00bb#f0a00f 8%|rgba(240,160,15,0.85) 34%|rgba(240,160,15,0.8) 88%\u00bb background_color_gradient_overlays_image=\u00bbon\u00bb background_image=\u00bbhttps:\/\/cingel.pt\/wp-content\/uploads\/2023\/12\/banner-01PB.jpg\u00bb parallax=\u00bbon\u00bb parallax_method=\u00bboff\u00bb background_enable_pattern_style=\u00bbon\u00bb background_pattern_style=\u00bbdiagonal-stripes-2&#8243; background_pattern_size=\u00bbcustom\u00bb background_pattern_width=\u00bb5px\u00bb global_colors_info=\u00bb{%22gcid-82b81f86-188a-4a0d-bc27-957912f3e4fb%22:%91%22background_color%22%93}\u00bb][et_pb_row _builder_version=\u00bb4.23.3&#8243; _module_preset=\u00bbdefault\u00bb global_colors_info=\u00bb{}\u00bb][et_pb_column type=\u00bb4_4&#8243; _builder_version=\u00bb4.23.3&#8243; _module_preset=\u00bbdefault\u00bb global_colors_info=\u00bb{}\u00bb][et_pb_cta title=\u00bbIncentivos y Proyectos de Inversi\u00f3n\u00bb button_url=\u00bb@ET-DC@eyJkeW5hbWljIjp0cnVlLCJjb250ZW50IjoicG9zdF9saW5rX3VybF9wYWdlIiwic2V0dGluZ3MiOnsicG9zdF9pZCI6IjQ2In19@\u00bb button_text=\u00bbM\u00e1s informaci\u00f3n\u00bb _builder_version=\u00bb4.23.3&#8243; _dynamic_attributes=\u00bbbutton_url\u00bb _module_preset=\u00bbdefault\u00bb header_font=\u00bbExo|300||on|||||\u00bb header_font_size=\u00bb55px\u00bb body_font=\u00bbExo|600||on|||||\u00bb body_text_color=\u00bb#FFFFFF\u00bb body_font_size=\u00bb18px\u00bb body_line_height=\u00bb1.6em\u00bb background_color=\u00bbRGBA(255,255,255,0)\u00bb background_enable_image=\u00bboff\u00bb custom_button=\u00bbon\u00bb button_bg_color=\u00bbgcid-63dc6424-0d57-48b2-b05a-a9e3366425b3&#8243; button_border_width=\u00bb0px\u00bb button_font=\u00bbExo||||||||\u00bb button_use_icon=\u00bboff\u00bb width=\u00bb80%\u00bb width_tablet=\u00bb100%\u00bb width_phone=\u00bb100%\u00bb width_last_edited=\u00bbon|phone\u00bb module_alignment=\u00bbcenter\u00bb custom_padding=\u00bb25px|5px|25px|5px|true|true\u00bb custom_padding_tablet=\u00bb25px|5px|25px|5px|true|true\u00bb custom_padding_phone=\u00bb25px|5px|25px|5px|true|true\u00bb custom_padding_last_edited=\u00bbon|phone\u00bb header_font_size_tablet=\u00bb55px\u00bb header_font_size_phone=\u00bb45px\u00bb header_font_size_last_edited=\u00bbon|phone\u00bb body_font_size_tablet=\u00bb18px\u00bb body_font_size_phone=\u00bb16px\u00bb body_font_size_last_edited=\u00bbon|tablet\u00bb global_colors_info=\u00bb{%22gcid-63dc6424-0d57-48b2-b05a-a9e3366425b3%22:%91%22button_bg_color%22,%22button_text_color__hover%22,%22button_bg_color%22,%22button_text_color__hover%22%93,%22gcid-82b81f86-188a-4a0d-bc27-957912f3e4fb%22:%91%22button_bg_color__hover%22%93}\u00bb button_bg_color__hover=\u00bb#FFFFFF\u00bb button_bg_color__hover_enabled=\u00bbon|hover\u00bb button_bg_enable_color__hover=\u00bbon\u00bb button_text_color__hover_enabled=\u00bbon|hover\u00bb button_text_color__hover=\u00bb#595959&#8243;]<\/p>\n<p>Conozca los incentivos disponibles para las empresas. Descubra por qu\u00e9 Cingel es el socio adecuado a la hora de desarrollar y presentar un proyecto de inversi\u00f3n. <\/p>\n<p>[\/et_pb_cta][\/et_pb_column][\/et_pb_row][\/et_pb_section]<\/p>\n","protected":false},"excerpt":{"rendered":"<p><div class=\"et_pb_module dmpro_breadcrumbs dmpro_breadcrumbs_0\">\n\t\t\t\t\n\t\t\t\t\n\t\t\t\t\n\t\t\t\t\n\t\t\t\t\n\t\t\t\t\n\t\t\t\t<div class=\"et_pb_module_inner\">\n\t\t\t\t\t<div class=\"dmpro-breadcrumbs\">\n                <ul >\n                    \t\n                    <li  class=\"dmpro-breadcrumb-item dmpro-breadcrumb-home\">\n                                    <a  href=\"https:\/\/cingel.pt\/\">\n                        <span  >\n                            <span class=\"et-pb-icon dmpro-home-icon\"><\/span>                                                    <\/span>\n                    <\/a>\n                                            <\/li>\n\t\t\t\n            \n            <li class=\"dmpro-breadcrumb-separator\"><span class=\"et-pb-icon dmpro-separator-icon\">$<\/span><\/li>\t\t\t\n            \n                <\/ul>\n            <\/div>\n\t\t\t\t<\/div>\n\t\t\t<\/div>Cingel se ido posicionando cada vez m\u00e1s como una organizaci\u00f3n flexible\u2026 <a href=\"https:\/\/cingel.pt\/es\/servicios\/\">Read More &raquo;<\/a><\/p>\n","protected":false},"author":1,"featured_media":0,"parent":0,"menu_order":0,"comment_status":"closed","ping_status":"closed","template":"","meta":{"_et_pb_use_builder":"on","_et_pb_old_content":"","_et_gb_content_width":"","footnotes":""},"class_list":["post-5482","page","type-page","status-publish","hentry"],"aioseo_notices":[],"_links":{"self":[{"href":"https:\/\/cingel.pt\/es\/wp-json\/wp\/v2\/pages\/5482","targetHints":{"allow":["GET"]}}],"collection":[{"href":"https:\/\/cingel.pt\/es\/wp-json\/wp\/v2\/pages"}],"about":[{"href":"https:\/\/cingel.pt\/es\/wp-json\/wp\/v2\/types\/page"}],"author":[{"embeddable":true,"href":"https:\/\/cingel.pt\/es\/wp-json\/wp\/v2\/users\/1"}],"replies":[{"embeddable":true,"href":"https:\/\/cingel.pt\/es\/wp-json\/wp\/v2\/comments?post=5482"}],"version-history":[{"count":7,"href":"https:\/\/cingel.pt\/es\/wp-json\/wp\/v2\/pages\/5482\/revisions"}],"predecessor-version":[{"id":5850,"href":"https:\/\/cingel.pt\/es\/wp-json\/wp\/v2\/pages\/5482\/revisions\/5850"}],"wp:attachment":[{"href":"https:\/\/cingel.pt\/es\/wp-json\/wp\/v2\/media?parent=5482"}],"curies":[{"name":"wp","href":"https:\/\/api.w.org\/{rel}","templated":true}]}}