{"id":5461,"date":"2023-12-07T12:03:37","date_gmt":"2023-12-07T12:03:37","guid":{"rendered":"https:\/\/cingel.pt\/incentivos\/"},"modified":"2024-05-29T11:28:55","modified_gmt":"2024-05-29T10:28:55","slug":"incentivos","status":"publish","type":"page","link":"https:\/\/cingel.pt\/es\/incentivos\/","title":{"rendered":"Incentivos"},"content":{"rendered":"<p>[et_pb_section fb_built=\u00bb1&#8243; _builder_version=\u00bb4.23.3&#8243; _module_preset=\u00bbdefault\u00bb background_enable_image=\u00bboff\u00bb background_position=\u00bbtop_center\u00bb background_vertical_offset=\u00bb58%\u00bb background_enable_pattern_style=\u00bbon\u00bb background_pattern_style=\u00bbdiagonal-stripes-2&#8243; background_pattern_size=\u00bbcustom\u00bb background_pattern_width=\u00bb5px\u00bb height=\u00bb23em\u00bb height_tablet=\u00bb25em\u00bb height_phone=\u00bb38em\u00bb height_last_edited=\u00bbon|phone\u00bb custom_margin=\u00bb0px||-5px||false|false\u00bb custom_margin_tablet=\u00bb0px||-70px||false|false\u00bb custom_margin_phone=\u00bb0px||-70px||false|false\u00bb custom_margin_last_edited=\u00bbon|phone\u00bb custom_padding=\u00bb0px||0px||true|false\u00bb top_divider_height=\u00bb221px\u00bb top_divider_flip=\u00bbhorizontal|vertical\u00bb bottom_divider_style=\u00bbmountains2&#8243; bottom_divider_color=\u00bb#FFFFFF\u00bb bottom_divider_height=\u00bb150px\u00bb bottom_divider_repeat=\u00bb1x\u00bb bottom_divider_height_tablet=\u00bb200px\u00bb bottom_divider_height_phone=\u00bb250px\u00bb bottom_divider_height_last_edited=\u00bbon|tablet\u00bb background_last_edited=\u00bbon|tablet\u00bb global_colors_info=\u00bb{%22gcid-82b81f86-188a-4a0d-bc27-957912f3e4fb%22:%91%22background_color_gradient_stops%22%93}\u00bb][et_pb_row column_structure=\u00bb1_2,1_2&#8243; _builder_version=\u00bb4.23.3&#8243; _module_preset=\u00bbdefault\u00bb custom_margin=\u00bb0px||||false|false\u00bb custom_padding=\u00bb20px||||false|false\u00bb pac_drh_column_numbers_tablet=\u00bbpac_drh_tab_col_two\u00bb pac_drh_column_numbers_phone=\u00bbpac_drh_phone_col_one\u00bb global_colors_info=\u00bb{}\u00bb max_width__hover_enabled=\u00bboff|desktop\u00bb][et_pb_column type=\u00bb1_2&#8243; admin_label=\u00bbColuna 1&#8243; _builder_version=\u00bb4.23.3&#8243; _module_preset=\u00bbdefault\u00bb custom_padding=\u00bb20px||||false|false\u00bb global_colors_info=\u00bb{}\u00bb][et_pb_heading title=\u00bbIncentivos y proyectos de inversi\u00f3n\u00bb _builder_version=\u00bb4.23.3&#8243; _module_preset=\u00bbdefault\u00bb title_font=\u00bbExo|300||on|||||\u00bb title_text_color=\u00bbgcid-63dc6424-0d57-48b2-b05a-a9e3366425b3&#8243; title_font_size=\u00bb60px\u00bb title_line_height=\u00bb1.1em\u00bb title_font_size_tablet=\u00bb50px\u00bb title_font_size_phone=\u00bb40px\u00bb title_font_size_last_edited=\u00bbon|phone\u00bb global_colors_info=\u00bb{%22gcid-63dc6424-0d57-48b2-b05a-a9e3366425b3%22:%91%22title_text_color%22%93}\u00bb][\/et_pb_heading][dmpro_breadcrumbs bc_custom_home=\u00bbon\u00bb bc_home_url=\u00bbhttps:\/\/cingel.pt\/\u00bb bc_home_icon=\u00bbon\u00bb bc_home_color=\u00bbgcid-63dc6424-0d57-48b2-b05a-a9e3366425b3&#8243; bc_hover_home_color=\u00bbgcid-82b81f86-188a-4a0d-bc27-957912f3e4fb\u00bb bc_schema=\u00bboff\u00bb bc_separator_color=\u00bbgcid-63dc6424-0d57-48b2-b05a-a9e3366425b3&#8243; bc_separator_space=\u00bb2px\u00bb _builder_version=\u00bb4.23.3&#8243; _module_preset=\u00bbdefault\u00bb items_font=\u00bbExo||||||||\u00bb items_text_color=\u00bbgcid-63dc6424-0d57-48b2-b05a-a9e3366425b3&#8243; hover_font=\u00bbExo|500|||||||\u00bb hover_text_color=\u00bbgcid-63dc6424-0d57-48b2-b05a-a9e3366425b3&#8243; active_font=\u00bbExo|800|||||||\u00bb active_text_color=\u00bbgcid-82b81f86-188a-4a0d-bc27-957912f3e4fb\u00bb custom_margin=\u00bb0px||100px||false|false\u00bb locked=\u00bboff\u00bb global_colors_info=\u00bb{%22gcid-63dc6424-0d57-48b2-b05a-a9e3366425b3%22:%91%22items_text_color%22,%22hover_text_color%22,%22bc_home_color%22,%22bc_separator_color%22%93,%22gcid-82b81f86-188a-4a0d-bc27-957912f3e4fb%22:%91%22active_text_color%22,%22bc_hover_home_color%22%93}\u00bb][\/dmpro_breadcrumbs][\/et_pb_column][et_pb_column type=\u00bb1_2&#8243; admin_label=\u00bbColuna 2&#8243; _builder_version=\u00bb4.23.3&#8243; _module_preset=\u00bbdefault\u00bb custom_padding=\u00bb0px||||false|false\u00bb global_colors_info=\u00bb{}\u00bb][et_pb_image src=\u00bbhttps:\/\/cingel.pt\/wp-content\/uploads\/2023\/12\/cingel-banner-incentivos.png\u00bb title_text=\u00bbcingel-banner-incentivos\u00bb _builder_version=\u00bb4.23.3&#8243; _module_preset=\u00bbdefault\u00bb custom_margin=\u00bb-20px||||false|false\u00bb animation_style=\u00bbslide\u00bb animation_direction=\u00bbtop\u00bb global_colors_info=\u00bb{}\u00bb][\/et_pb_image][\/et_pb_column][\/et_pb_row][\/et_pb_section][et_pb_section fb_built=\u00bb1&#8243; _builder_version=\u00bb4.23.3&#8243; _module_preset=\u00bbdefault\u00bb background_color=\u00bbRGBA(255,255,255,0)\u00bb z_index=\u00bb108&#8243; custom_margin=\u00bb30px|||||\u00bb global_colors_info=\u00bb{}\u00bb][et_pb_row column_structure=\u00bb1_3,2_3&#8243; _builder_version=\u00bb4.23.3&#8243; _module_preset=\u00bbdefault\u00bb pac_drh_column_numbers_phone=\u00bbpac_drh_phone_col_one\u00bb global_colors_info=\u00bb{}\u00bb][et_pb_column type=\u00bb1_3&#8243; _builder_version=\u00bb4.23.3&#8243; _module_preset=\u00bbdefault\u00bb global_colors_info=\u00bb{}\u00bb][et_pb_sidebar area=\u00bbet_pb_widget_area_1&#8243; disabled_on=\u00bboff|off|off\u00bb _builder_version=\u00bb4.23.3&#8243; _module_preset=\u00bbdefault\u00bb header_font=\u00bbExo|500||on|||||\u00bb header_font_size=\u00bb18px\u00bb body_font=\u00bbExo||||||||\u00bb body_font_size=\u00bb14px\u00bb body_line_height=\u00bb1.5em\u00bb custom_padding=\u00bb|50px||||\u00bb custom_css_widget=\u00bbmargin-bottom: 20px!important;\u00bb global_colors_info=\u00bb{}\u00bb][\/et_pb_sidebar][\/et_pb_column][et_pb_column type=\u00bb2_3&#8243; _builder_version=\u00bb4.23.3&#8243; _module_preset=\u00bbdefault\u00bb global_colors_info=\u00bb{}\u00bb][et_pb_text _builder_version=\u00bb4.24.2&#8243; _module_preset=\u00bbdefault\u00bb text_font=\u00bbExo|300||on|||||\u00bb text_font_size=\u00bb28px\u00bb text_line_height=\u00bb1.2em\u00bb hover_enabled=\u00bb0&#8243; global_colors_info=\u00bb{}\u00bb sticky_enabled=\u00bb0&#8243;]Descubra las ventajas que puede obtener su empresa gracias a los incentivos de los marcos comunitarios[\/et_pb_text][et_pb_text _builder_version=\u00bb4.23.4&#8243; _module_preset=\u00bbdefault\u00bb text_font_size=\u00bb16px\u00bb global_colors_info=\u00bb{}\u00bb]<\/p>\n<p>En Cingel entendemos la importancia de contar con socios especializados para ayudar a nuestros clientes a preparar y ejecutar proyectos de financiaci\u00f3n. Con la experiencia adquirida a lo largo de m\u00e1s de 35 a\u00f1os, estamos preparados para ayudar a su empresa a evaluar las mejores oportunidades de inversi\u00f3n. \u00a1Hable con nosotros hoy mismo!  <\/p>\n<p>[\/et_pb_text][\/et_pb_column][\/et_pb_row][\/et_pb_section][et_pb_section fb_built=\u00bb1&#8243; _builder_version=\u00bb4.23.3&#8243; _module_preset=\u00bbdefault\u00bb background_color=\u00bbgcid-82b81f86-188a-4a0d-bc27-957912f3e4fb\u00bb use_background_color_gradient=\u00bbon\u00bb background_color_gradient_direction=\u00bb80deg\u00bb background_color_gradient_stops=\u00bb#f0a00f 8%|rgba(240,160,15,0.85) 34%|rgba(240,160,15,0.8) 88%\u00bb background_color_gradient_overlays_image=\u00bbon\u00bb background_image=\u00bbhttps:\/\/cingel.pt\/wp-content\/uploads\/2023\/12\/mapa.jpg\u00bb parallax=\u00bbon\u00bb parallax_method=\u00bboff\u00bb background_enable_pattern_style=\u00bbon\u00bb background_pattern_style=\u00bbdiagonal-stripes-2&#8243; background_pattern_size=\u00bbcustom\u00bb background_pattern_width=\u00bb5px\u00bb animation_style=\u00bbslide\u00bb animation_direction=\u00bbbottom\u00bb locked=\u00bboff\u00bb global_colors_info=\u00bb{%22gcid-82b81f86-188a-4a0d-bc27-957912f3e4fb%22:%91%22background_color%22,%22background_color%22%93}\u00bb][et_pb_row _builder_version=\u00bb4.23.3&#8243; _module_preset=\u00bbdefault\u00bb global_colors_info=\u00bb{}\u00bb][et_pb_column type=\u00bb4_4&#8243; _builder_version=\u00bb4.23.3&#8243; _module_preset=\u00bbdefault\u00bb global_colors_info=\u00bb{}\u00bb][et_pb_cta title=\u00bb\u00bfConoce nuestra red de oficinas?\u00bb button_url=\u00bb@ET-DC@eyJkeW5hbWljIjp0cnVlLCJjb250ZW50IjoicG9zdF9saW5rX3VybF9wYWdlIiwic2V0dGluZ3MiOnsicG9zdF9pZCI6IjQ0IiwiZW5hYmxlX2h0bWwiOiJvZmYifX0=@\u00bb button_text=\u00bbacceda a la p\u00e1gina de contactos\u00bb _builder_version=\u00bb4.23.4&#8243; _dynamic_attributes=\u00bbbutton_url\u00bb _module_preset=\u00bbdefault\u00bb header_font=\u00bbExo|300||on|||||\u00bb header_font_size=\u00bb55px\u00bb body_font=\u00bbExo|600||on|||||\u00bb body_text_color=\u00bb#FFFFFF\u00bb body_font_size=\u00bb18px\u00bb body_line_height=\u00bb1.6em\u00bb background_color=\u00bbRGBA(255,255,255,0)\u00bb background_enable_image=\u00bboff\u00bb custom_button=\u00bbon\u00bb button_bg_color=\u00bbgcid-63dc6424-0d57-48b2-b05a-a9e3366425b3&#8243; button_border_width=\u00bb0px\u00bb button_font=\u00bbExo||||||||\u00bb button_use_icon=\u00bboff\u00bb width=\u00bb80%\u00bb width_tablet=\u00bb100%\u00bb width_phone=\u00bb\u00bb width_last_edited=\u00bbon|phone\u00bb module_alignment=\u00bbcenter\u00bb custom_padding=\u00bb25px|5px|25px|5px|true|true\u00bb custom_padding_tablet=\u00bb\u00bb custom_padding_phone=\u00bb\u00bb custom_padding_last_edited=\u00bbon|phone\u00bb header_font_size_tablet=\u00bb\u00bb header_font_size_phone=\u00bb45px\u00bb header_font_size_last_edited=\u00bbon|phone\u00bb body_font_size_tablet=\u00bb\u00bb body_font_size_phone=\u00bb16px\u00bb body_font_size_last_edited=\u00bbon|tablet\u00bb global_colors_info=\u00bb{%22gcid-63dc6424-0d57-48b2-b05a-a9e3366425b3%22:%91%22button_bg_color%22,%22button_text_color__hover%22,%22button_bg_color%22,%22button_text_color__hover%22%93,%22gcid-82b81f86-188a-4a0d-bc27-957912f3e4fb%22:%91%22button_bg_color__hover%22%93}\u00bb button_bg_color__hover=\u00bb#FFFFFF\u00bb button_bg_color__hover_enabled=\u00bbon|hover\u00bb button_bg_enable_color__hover=\u00bbon\u00bb button_text_color__hover_enabled=\u00bbon|hover\u00bb button_text_color__hover=\u00bb#595959&#8243;]<\/p>\n<p>Cingel cuenta con 10 oficinas repartidas por Portugal continental y las Azores. Esta estrategia de expansi\u00f3n nos permite garantizar un contacto permanente y cercano con nuestros clientes actuales y futuros. <\/p>\n<p>[\/et_pb_cta][\/et_pb_column][\/et_pb_row][\/et_pb_section]<\/p>\n","protected":false},"excerpt":{"rendered":"<p><div class=\"et_pb_module dmpro_breadcrumbs dmpro_breadcrumbs_0\">\n\t\t\t\t\n\t\t\t\t\n\t\t\t\t\n\t\t\t\t\n\t\t\t\t\n\t\t\t\t\n\t\t\t\t<div class=\"et_pb_module_inner\">\n\t\t\t\t\t<div class=\"dmpro-breadcrumbs\">\n                <ul >\n                    \t\n                    <li  class=\"dmpro-breadcrumb-item dmpro-breadcrumb-home\">\n                                    <a  href=\"https:\/\/cingel.pt\/\">\n                        <span  >\n                            <span class=\"et-pb-icon dmpro-home-icon\"><\/span>                                                    <\/span>\n                    <\/a>\n                                            <\/li>\n\t\t\t\n            \n            <li class=\"dmpro-breadcrumb-separator\"><span class=\"et-pb-icon dmpro-separator-icon\">$<\/span><\/li>\t\t\t\n            \n                <\/ul>\n            <\/div>\n\t\t\t\t<\/div>\n\t\t\t<\/div>Descubra las ventajas que puede obtener su empresa gracias a los\u2026 <a href=\"https:\/\/cingel.pt\/es\/incentivos\/\">Read More &raquo;<\/a><\/p>\n","protected":false},"author":1,"featured_media":0,"parent":0,"menu_order":0,"comment_status":"closed","ping_status":"closed","template":"","meta":{"_et_pb_use_builder":"on","_et_pb_old_content":"","_et_gb_content_width":"","footnotes":""},"class_list":["post-5461","page","type-page","status-publish","hentry"],"aioseo_notices":[],"_links":{"self":[{"href":"https:\/\/cingel.pt\/es\/wp-json\/wp\/v2\/pages\/5461","targetHints":{"allow":["GET"]}}],"collection":[{"href":"https:\/\/cingel.pt\/es\/wp-json\/wp\/v2\/pages"}],"about":[{"href":"https:\/\/cingel.pt\/es\/wp-json\/wp\/v2\/types\/page"}],"author":[{"embeddable":true,"href":"https:\/\/cingel.pt\/es\/wp-json\/wp\/v2\/users\/1"}],"replies":[{"embeddable":true,"href":"https:\/\/cingel.pt\/es\/wp-json\/wp\/v2\/comments?post=5461"}],"version-history":[{"count":5,"href":"https:\/\/cingel.pt\/es\/wp-json\/wp\/v2\/pages\/5461\/revisions"}],"predecessor-version":[{"id":5548,"href":"https:\/\/cingel.pt\/es\/wp-json\/wp\/v2\/pages\/5461\/revisions\/5548"}],"wp:attachment":[{"href":"https:\/\/cingel.pt\/es\/wp-json\/wp\/v2\/media?parent=5461"}],"curies":[{"name":"wp","href":"https:\/\/api.w.org\/{rel}","templated":true}]}}