{"id":5387,"date":"2023-12-07T12:03:52","date_gmt":"2023-12-07T12:03:52","guid":{"rendered":"https:\/\/cingel.pt\/careers\/"},"modified":"2024-05-21T16:17:24","modified_gmt":"2024-05-21T15:17:24","slug":"careers","status":"publish","type":"page","link":"https:\/\/cingel.pt\/en\/careers\/","title":{"rendered":"Careers"},"content":{"rendered":"<p>[et_pb_section fb_built=&#8221;1&#8243; _builder_version=&#8221;4.23.3&#8243; _module_preset=&#8221;default&#8221; background_enable_image=&#8221;off&#8221; background_position=&#8221;top_center&#8221; background_vertical_offset=&#8221;58%&#8221; background_enable_pattern_style=&#8221;on&#8221; background_pattern_style=&#8221;diagonal-stripes-2&#8243; background_pattern_size=&#8221;custom&#8221; background_pattern_width=&#8221;5px&#8221; height=&#8221;23em&#8221; height_tablet=&#8221;25em&#8221; height_phone=&#8221;38em&#8221; height_last_edited=&#8221;on|phone&#8221; custom_margin=&#8221;0px||-5px||false|false&#8221; custom_margin_tablet=&#8221;0px||-70px||false|false&#8221; custom_margin_phone=&#8221;0px||-70px||false|false&#8221; custom_margin_last_edited=&#8221;on|phone&#8221; custom_padding=&#8221;0px||0px||true|false&#8221; top_divider_height=&#8221;221px&#8221; top_divider_flip=&#8221;horizontal|vertical&#8221; bottom_divider_style=&#8221;mountains2&#8243; bottom_divider_color=&#8221;#FFFFFF&#8221; bottom_divider_height=&#8221;150px&#8221; bottom_divider_repeat=&#8221;1x&#8221; bottom_divider_height_tablet=&#8221;200px&#8221; bottom_divider_height_phone=&#8221;250px&#8221; bottom_divider_height_last_edited=&#8221;on|tablet&#8221; background_last_edited=&#8221;on|tablet&#8221; global_colors_info=&#8221;{%22gcid-82b81f86-188a-4a0d-bc27-957912f3e4fb%22:%91%22background_color_gradient_stops%22%93}&#8221;][et_pb_row column_structure=&#8221;1_2,1_2&#8243; _builder_version=&#8221;4.23.3&#8243; _module_preset=&#8221;default&#8221; custom_margin=&#8221;0px||||false|false&#8221; custom_padding=&#8221;20px||||false|false&#8221; pac_drh_enable_stacking=&#8221;pac_drh_stack_row pac_drh_stack_tab_mob&#8221; pac_drh_column_numbers_tablet=&#8221;pac_drh_tab_col_two&#8221; pac_drh_column_numbers_phone=&#8221;pac_drh_phone_col_one&#8221; global_colors_info=&#8221;{}&#8221; max_width__hover_enabled=&#8221;off|desktop&#8221;][et_pb_column type=&#8221;1_2&#8243; admin_label=&#8221;Coluna 1&#8243; _builder_version=&#8221;4.23.3&#8243; _module_preset=&#8221;default&#8221; custom_padding=&#8221;20px||||false|false&#8221; pac_drh_add_staking_order_tab=&#8221;pac_drh_order_tab_one&#8221; pac_drh_add_staking_order_mob=&#8221;pac_drh_order_mob_two&#8221; global_colors_info=&#8221;{}&#8221;][et_pb_heading title=&#8221;Join the Cingel team&#8221; _builder_version=&#8221;4.23.3&#8243; _module_preset=&#8221;default&#8221; title_font=&#8221;Exo|300||on|||||&#8221; title_text_color=&#8221;gcid-63dc6424-0d57-48b2-b05a-a9e3366425b3&#8243; title_font_size=&#8221;60px&#8221; title_line_height=&#8221;1.1em&#8221; title_font_size_tablet=&#8221;50px&#8221; title_font_size_phone=&#8221;40px&#8221; title_font_size_last_edited=&#8221;on|phone&#8221; global_colors_info=&#8221;{%22gcid-63dc6424-0d57-48b2-b05a-a9e3366425b3%22:%91%22title_text_color%22%93}&#8221;][\/et_pb_heading][dmpro_breadcrumbs bc_custom_home=&#8221;on&#8221; bc_home_url=&#8221;https:\/\/cingel.pt\/&#8221; bc_home_icon=&#8221;on&#8221; bc_home_color=&#8221;gcid-63dc6424-0d57-48b2-b05a-a9e3366425b3&#8243; bc_hover_home_color=&#8221;gcid-82b81f86-188a-4a0d-bc27-957912f3e4fb&#8221; bc_schema=&#8221;off&#8221; bc_separator_color=&#8221;gcid-63dc6424-0d57-48b2-b05a-a9e3366425b3&#8243; bc_separator_space=&#8221;2px&#8221; _builder_version=&#8221;4.23.3&#8243; _module_preset=&#8221;default&#8221; items_font=&#8221;Exo||||||||&#8221; items_text_color=&#8221;gcid-63dc6424-0d57-48b2-b05a-a9e3366425b3&#8243; hover_font=&#8221;Exo|500|||||||&#8221; hover_text_color=&#8221;gcid-63dc6424-0d57-48b2-b05a-a9e3366425b3&#8243; active_font=&#8221;Exo|800|||||||&#8221; active_text_color=&#8221;gcid-82b81f86-188a-4a0d-bc27-957912f3e4fb&#8221; custom_margin=&#8221;0px||100px||false|false&#8221; locked=&#8221;off&#8221; global_colors_info=&#8221;{%22gcid-63dc6424-0d57-48b2-b05a-a9e3366425b3%22:%91%22items_text_color%22,%22hover_text_color%22,%22bc_home_color%22,%22bc_separator_color%22%93,%22gcid-82b81f86-188a-4a0d-bc27-957912f3e4fb%22:%91%22active_text_color%22,%22bc_hover_home_color%22%93}&#8221;][\/dmpro_breadcrumbs][\/et_pb_column][et_pb_column type=&#8221;1_2&#8243; admin_label=&#8221;Coluna 2&#8243; _builder_version=&#8221;4.23.3&#8243; _module_preset=&#8221;default&#8221; custom_padding=&#8221;0px||||false|false&#8221; pac_drh_add_staking_order_tab=&#8221;pac_drh_order_tab_two&#8221; pac_drh_add_staking_order_mob=&#8221;pac_drh_order_mob_one&#8221; global_colors_info=&#8221;{}&#8221;][et_pb_image src=&#8221;https:\/\/cingel.pt\/wp-content\/uploads\/2023\/12\/cingel-banner-candidatura.png&#8221; title_text=&#8221;cingel-banner-candidatura&#8221; _builder_version=&#8221;4.23.3&#8243; _module_preset=&#8221;default&#8221; custom_margin=&#8221;-20px||||false|false&#8221; animation_style=&#8221;slide&#8221; animation_direction=&#8221;top&#8221; global_colors_info=&#8221;{}&#8221;][\/et_pb_image][\/et_pb_column][\/et_pb_row][\/et_pb_section][et_pb_section fb_built=&#8221;1&#8243; module_id=&#8221;form&#8221; _builder_version=&#8221;4.23.3&#8243; _module_preset=&#8221;default&#8221; background_color=&#8221;RGBA(255,255,255,0)&#8221; global_colors_info=&#8221;{}&#8221;][et_pb_row _builder_version=&#8221;4.23.1&#8243; _module_preset=&#8221;default&#8221; global_colors_info=&#8221;{}&#8221;][et_pb_column type=&#8221;4_4&#8243; _builder_version=&#8221;4.23.1&#8243; _module_preset=&#8221;default&#8221; global_colors_info=&#8221;{}&#8221;][et_pb_heading title=&#8221;Job Application&#8221; _builder_version=&#8221;4.23.3&#8243; _module_preset=&#8221;default&#8221; title_font=&#8221;Exo|||on|||||&#8221; title_text_align=&#8221;center&#8221; custom_margin=&#8221;||5px||false|false&#8221; global_colors_info=&#8221;{}&#8221;][\/et_pb_heading][et_pb_divider divider_style=&#8221;dotted&#8221; divider_weight=&#8221;2px&#8221; _builder_version=&#8221;4.23.1&#8243; _module_preset=&#8221;default&#8221; max_width=&#8221;5em&#8221; module_alignment=&#8221;center&#8221; custom_margin=&#8221;||5px||false|false&#8221; global_colors_info=&#8221;{}&#8221;][\/et_pb_divider][et_pb_text _builder_version=&#8221;4.23.3&#8243; _module_preset=&#8221;default&#8221; text_text_color=&#8221;gcid-63dc6424-0d57-48b2-b05a-a9e3366425b3&#8243; text_font_size=&#8221;16px&#8221; text_orientation=&#8221;center&#8221; width=&#8221;80%&#8221; module_alignment=&#8221;center&#8221; global_colors_info=&#8221;{%22gcid-63dc6424-0d57-48b2-b05a-a9e3366425b3%22:%91%22text_text_color%22%93}&#8221;]<\/p>\n<p>We believe in people. We value their skills and professionalism. Join us.<\/p>\n<p>[\/et_pb_text][et_pb_contact_form email=&#8221;cingel@cingel.pt&#8221; success_message=&#8221;Thank you for sending your application.&#8221; submit_button_text=&#8221;Submit&#8221; _builder_version=&#8221;4.25.1&#8243; _module_preset=&#8221;default&#8221; _unique_id=&#8221;9e2b3cf4-b86a-4360-9de9-0e4ddb7dd7b3&#8243; form_field_background_color=&#8221;#f2f2f2&#8243; form_field_text_color=&#8221;gcid-63dc6424-0d57-48b2-b05a-a9e3366425b3&#8243; form_field_custom_margin=&#8221;||20px||false|false&#8221; captcha_text_color=&#8221;gcid-63dc6424-0d57-48b2-b05a-a9e3366425b3&#8243; captcha_font_size=&#8221;16px&#8221; custom_button=&#8221;on&#8221; button_text_size=&#8221;18px&#8221; button_text_color=&#8221;#FFFFFF&#8221; button_bg_color=&#8221;gcid-63dc6424-0d57-48b2-b05a-a9e3366425b3&#8243; button_border_width=&#8221;0px&#8221; button_use_icon=&#8221;off&#8221; hover_enabled=&#8221;0&#8243; custom_css_contact_button=&#8221;height: 60px;&#8221; custom_css_captcha_field=&#8221;height:60px;||&#8221; submit_button_wait_text=&#8221;aguarde&#8230;&#8221; hide_form_title=&#8221;on&#8221; field_label_color=&#8221;gcid-63dc6424-0d57-48b2-b05a-a9e3366425b3&#8243; field_label_size=&#8221;14px&#8221; field_desc_size=&#8221;12px&#8221; files_container_background=&#8221;RGBA(255,255,255,0)&#8221; files_container_padding=&#8221;0px|0px|0px|0px|true|true&#8221; files_container_border_style=&#8221;none&#8221; files_container_list_color=&#8221;gcid-63dc6424-0d57-48b2-b05a-a9e3366425b3&#8243; accepted_file_text_color=&#8221;#FFFFFF&#8221; accepted_file_text_size=&#8221;12px&#8221; accepted_file_text_padding=&#8221;10px|0|10px|0|false|false&#8221; chosen_file_text_color=&#8221;#FFFFFF&#8221; chosen_file_text_size=&#8221;14px&#8221; file_button_size=&#8221;14px&#8221; global_colors_info=&#8221;{%22gcid-63dc6424-0d57-48b2-b05a-a9e3366425b3%22:%91%22field_label_color%22,%22files_container_list_color%22,%22form_field_text_color%22,%22captcha_text_color%22,%22button_bg_color%22%93,%22gcid-82b81f86-188a-4a0d-bc27-957912f3e4fb%22:%91%22button_bg_color__hover%22%93}&#8221; button_bg_color__hover_enabled=&#8221;on|desktop&#8221; button_bg_color__hover=&#8221;#f0a00f&#8221; button_bg_enable_color__hover=&#8221;on&#8221; button_text_color__hover_enabled=&#8221;on|desktop&#8221; button_text_color__hover=&#8221;#FFFFFF&#8221; sticky_enabled=&#8221;0&#8243; admin_email_subject=&#8221;Mensagem do formul\u00e1rio de candidatura do site da Cingel&#8221; use_confirmation_email=&#8221;on&#8221; use_confirmation_message_richtext=&#8221;on&#8221; confirmation_message_richtext=&#8221;<\/p>\n<p>Agradecemos o envio da sua candidatura.<br \/>A mesma ser\u00e1 tida em conta, em futuras admiss\u00f5es.<\/p>\n<p>A equipa Cingel<\/p>\n<p>&#8221; custom_message=&#8221;Spontaneous application (Cingel website form)&#8221; confirmation_email_subject=&#8221;Cingel &#8211; Candidatura Espont\u00e2nea&#8221; use_success_button=&#8221;on&#8221; success_button_text=&#8221;Regressar \u00e0 p\u00e1gina de entrada&#8221; success_button_type=&#8221;page&#8221; success_button_page=&#8221;25&#8243;][et_pb_contact_field field_id=&#8221;nome&#8221; field_title=&#8221;Full name&#8221; fullwidth_field=&#8221;on&#8221; _builder_version=&#8221;4.23.3&#8243; global_colors_info=&#8221;{}&#8221; button_text_size__hover_enabled=&#8221;off&#8221; button_one_text_size__hover_enabled=&#8221;off&#8221; button_two_text_size__hover_enabled=&#8221;off&#8221; button_text_color__hover_enabled=&#8221;off&#8221; button_one_text_color__hover_enabled=&#8221;off&#8221; button_two_text_color__hover_enabled=&#8221;off&#8221; button_border_width__hover_enabled=&#8221;off&#8221; button_one_border_width__hover_enabled=&#8221;off&#8221; button_two_border_width__hover_enabled=&#8221;off&#8221; button_border_color__hover_enabled=&#8221;off&#8221; button_one_border_color__hover_enabled=&#8221;off&#8221; button_two_border_color__hover_enabled=&#8221;off&#8221; button_border_radius__hover_enabled=&#8221;off&#8221; button_one_border_radius__hover_enabled=&#8221;off&#8221; button_two_border_radius__hover_enabled=&#8221;off&#8221; button_letter_spacing__hover_enabled=&#8221;off&#8221; button_one_letter_spacing__hover_enabled=&#8221;off&#8221; button_two_letter_spacing__hover_enabled=&#8221;off&#8221; button_bg_color__hover_enabled=&#8221;off&#8221; button_one_bg_color__hover_enabled=&#8221;off&#8221; button_two_bg_color__hover_enabled=&#8221;off&#8221;][\/et_pb_contact_field][et_pb_contact_field field_id=&#8221;morada&#8221; field_title=&#8221;Address&#8221; fullwidth_field=&#8221;on&#8221; _builder_version=&#8221;4.23.3&#8243; _module_preset=&#8221;default&#8221; global_colors_info=&#8221;{}&#8221;][\/et_pb_contact_field][et_pb_contact_field field_id=&#8221;Email&#8221; field_title=&#8221;Email&#8221; field_type=&#8221;email&#8221; _builder_version=&#8221;4.23.3&#8243; global_colors_info=&#8221;{}&#8221; button_text_size__hover_enabled=&#8221;off&#8221; button_one_text_size__hover_enabled=&#8221;off&#8221; button_two_text_size__hover_enabled=&#8221;off&#8221; button_text_color__hover_enabled=&#8221;off&#8221; button_one_text_color__hover_enabled=&#8221;off&#8221; button_two_text_color__hover_enabled=&#8221;off&#8221; button_border_width__hover_enabled=&#8221;off&#8221; button_one_border_width__hover_enabled=&#8221;off&#8221; button_two_border_width__hover_enabled=&#8221;off&#8221; button_border_color__hover_enabled=&#8221;off&#8221; button_one_border_color__hover_enabled=&#8221;off&#8221; button_two_border_color__hover_enabled=&#8221;off&#8221; button_border_radius__hover_enabled=&#8221;off&#8221; button_one_border_radius__hover_enabled=&#8221;off&#8221; button_two_border_radius__hover_enabled=&#8221;off&#8221; button_letter_spacing__hover_enabled=&#8221;off&#8221; button_one_letter_spacing__hover_enabled=&#8221;off&#8221; button_two_letter_spacing__hover_enabled=&#8221;off&#8221; button_bg_color__hover_enabled=&#8221;off&#8221; button_one_bg_color__hover_enabled=&#8221;off&#8221; button_two_bg_color__hover_enabled=&#8221;off&#8221;][\/et_pb_contact_field][et_pb_contact_field field_id=&#8221;telefone&#8221; field_title=&#8221;Phone number&#8221; _builder_version=&#8221;4.23.1&#8243; _module_preset=&#8221;default&#8221; global_colors_info=&#8221;{}&#8221;][\/et_pb_contact_field][et_pb_contact_field field_id=&#8221;nascimento&#8221; field_title=&#8221;Date of birth (dd-mm-yyyy)&#8221; _builder_version=&#8221;4.23.3&#8243; _module_preset=&#8221;default&#8221; global_colors_info=&#8221;{}&#8221;][\/et_pb_contact_field][et_pb_contact_field field_id=&#8221;acores&#8221; field_title=&#8221;Do you live un the Azores?&#8221; field_type=&#8221;select&#8221; select_options=&#8221;%91{%22value%22:%22Yes%22,%22checked%22:0,%22dragID%22:-1},{%22value%22:%22No%22,%22checked%22:0,%22dragID%22:0}%93&#8243; _builder_version=&#8221;4.23.3&#8243; _module_preset=&#8221;default&#8221; global_colors_info=&#8221;{}&#8221;][\/et_pb_contact_field][et_pb_contact_field field_id=&#8221;habilitacoes&#8221; field_title=&#8221;Academic qualifications&#8221; field_type=&#8221;select&#8221; select_options=&#8221;%91{%22value%22:%229th grade%22,%22checked%22:0,%22dragID%22:-1},{%22value%22:%22High school%22,%22checked%22:0,%22dragID%22:0},{%22value%22:%22University degree%22,%22checked%22:0,%22dragID%22:1},{%22value%22:%22Master degree%22,%22checked%22:0,%22dragID%22:2}%93&#8243; _builder_version=&#8221;4.25.1&#8243; _module_preset=&#8221;default&#8221; global_colors_info=&#8221;{}&#8221;][\/et_pb_contact_field][et_pb_contact_field field_id=&#8221;formacao&#8221; field_title=&#8221;Training area&#8221; field_type=&#8221;select&#8221; select_options=&#8221;%91{%22value%22:%22Management%22,%22checked%22:0,%22dragID%22:-1},{%22value%22:%22Economics%22,%22checked%22:0,%22dragID%22:0},{%22value%22:%22Accounting%22,%22checked%22:0,%22dragID%22:6},{%22value%22:%22Finance%22,%22checked%22:0,%22dragID%22:1},{%22value%22:%22Human Resources%22,%22checked%22:0,%22dragID%22:2},{%22value%22:%22Administration%22,%22checked%22:0,%22dragID%22:3},{%22value%22:%22Law%22,%22checked%22:0,%22dragID%22:4},{%22value%22:%22Other&#8230;%22,%22checked%22:0,%22dragID%22:5}%93&#8243; _builder_version=&#8221;4.25.1&#8243; _module_preset=&#8221;default&#8221; hover_enabled=&#8221;0&#8243; global_colors_info=&#8221;{}&#8221; sticky_enabled=&#8221;0&#8243;][\/et_pb_contact_field][et_pb_contact_field field_id=&#8221;outra&#8221; field_title=&#8221;Which?&#8221; conditional_logic=&#8221;on&#8221; conditional_logic_rules=&#8221;%91{%22field%22:%22formacao%22,%22condition%22:%22is%22,%22value%22:%22Outra&#8230;%22}%93&#8243; _builder_version=&#8221;4.23.3&#8243; _module_preset=&#8221;default&#8221; global_colors_info=&#8221;{}&#8221;][\/et_pb_contact_field][et_pb_contact_field field_id=&#8221;anexos&#8221; field_title=&#8221;Attach Curriculum Vitae&#8221; conditional_logic=&#8221;on&#8221; conditional_logic_relation=&#8221;on&#8221; conditional_logic_rules=&#8221;%91{%22field%22:%22assunto%22,%22condition%22:%22is%22,%22value%22:%22Candidatura de emprego%22}%93&#8243; _builder_version=&#8221;4.23.1&#8243; _module_preset=&#8221;default&#8221; text_orientation=&#8221;left&#8221; use_field_label=&#8221;on&#8221; use_file_upload=&#8221;on&#8221; file_size=&#8221;2000&#8243; file_mime=&#8221;off|off|off|off|off|off|off|off|off|off|off|off|off|off|off|off|off|off|off|off|off|off|off|off|off|off|off|off|off|off|off|off|off|off|off|off|off|off|off|off|off|off|off|off|on|off|off|on|off|off|off|off|off|on|off|off|off|off|off|on|off|off|off|off|off|off|off|off|off|off|off|off|off|off|off|off|off|off|off|off|off|off|off|off|off|off|off|off|off|off|off|off|off|off|off|off|off|off&#8221; border_radii=&#8221;on|4px|4px|4px|4px&#8221; global_colors_info=&#8221;{}&#8221;][\/et_pb_contact_field][et_pb_contact_field field_id=&#8221;mensagem&#8221; field_title=&#8221;Addicional message about youself&#8221; field_type=&#8221;text&#8221; required_mark=&#8221;off&#8221; fullwidth_field=&#8221;on&#8221; _builder_version=&#8221;4.23.3&#8243; global_colors_info=&#8221;{}&#8221; button_text_size__hover_enabled=&#8221;off&#8221; button_one_text_size__hover_enabled=&#8221;off&#8221; button_two_text_size__hover_enabled=&#8221;off&#8221; button_text_color__hover_enabled=&#8221;off&#8221; button_one_text_color__hover_enabled=&#8221;off&#8221; button_two_text_color__hover_enabled=&#8221;off&#8221; button_border_width__hover_enabled=&#8221;off&#8221; button_one_border_width__hover_enabled=&#8221;off&#8221; button_two_border_width__hover_enabled=&#8221;off&#8221; button_border_color__hover_enabled=&#8221;off&#8221; button_one_border_color__hover_enabled=&#8221;off&#8221; button_two_border_color__hover_enabled=&#8221;off&#8221; button_border_radius__hover_enabled=&#8221;off&#8221; button_one_border_radius__hover_enabled=&#8221;off&#8221; button_two_border_radius__hover_enabled=&#8221;off&#8221; button_letter_spacing__hover_enabled=&#8221;off&#8221; button_one_letter_spacing__hover_enabled=&#8221;off&#8221; button_two_letter_spacing__hover_enabled=&#8221;off&#8221; button_bg_color__hover_enabled=&#8221;off&#8221; button_one_bg_color__hover_enabled=&#8221;off&#8221; button_two_bg_color__hover_enabled=&#8221;off&#8221;][\/et_pb_contact_field][et_pb_contact_field field_id=&#8221;pol\u00edtica-privacidade&#8221; field_title=&#8221; &#8221; field_type=&#8221;checkbox&#8221; checkbox_options=&#8221;%91{%22value%22:%22By submitting your application you declare that you agree with our %22,%22checked%22:0,%22dragID%22:-1,%22link_url%22:%22https:\\\/\\\/cingel.pt\\\/politica-de-privacidade%22,%22link_text%22:%22Privacy Policy and Terms and Conditions%22}%93&#8243; fullwidth_field=&#8221;on&#8221; _builder_version=&#8221;4.23.3&#8243; _module_preset=&#8221;default&#8221; form_field_text_color=&#8221;gcid-63dc6424-0d57-48b2-b05a-a9e3366425b3&#8243; form_field_font_size=&#8221;12px&#8221; form_field_letter_spacing=&#8221;0px&#8221; checkbox_layout=&#8221;inline&#8221; global_colors_info=&#8221;{%22gcid-63dc6424-0d57-48b2-b05a-a9e3366425b3%22:%91%22form_field_text_color%22%93}&#8221;][\/et_pb_contact_field][\/et_pb_contact_form][\/et_pb_column][\/et_pb_row][\/et_pb_section][et_pb_section fb_built=&#8221;1&#8243; _builder_version=&#8221;4.23.3&#8243; _module_preset=&#8221;default&#8221; background_color=&#8221;gcid-82b81f86-188a-4a0d-bc27-957912f3e4fb&#8221; use_background_color_gradient=&#8221;on&#8221; background_color_gradient_direction=&#8221;80deg&#8221; background_color_gradient_stops=&#8221;#f0a00f 8%|rgba(240,160,15,0.85) 34%|rgba(240,160,15,0.8) 88%&#8221; background_color_gradient_overlays_image=&#8221;on&#8221; background_image=&#8221;https:\/\/cingel.pt\/wp-content\/uploads\/2023\/12\/cingel-escritorio-lisboa.jpg&#8221; parallax=&#8221;on&#8221; parallax_method=&#8221;off&#8221; background_enable_pattern_style=&#8221;on&#8221; background_pattern_style=&#8221;diagonal-stripes-2&#8243; background_pattern_size=&#8221;custom&#8221; background_pattern_width=&#8221;5px&#8221; animation_style=&#8221;slide&#8221; animation_direction=&#8221;bottom&#8221; global_colors_info=&#8221;{%22gcid-82b81f86-188a-4a0d-bc27-957912f3e4fb%22:%91%22background_color%22%93}&#8221;][et_pb_row _builder_version=&#8221;4.23.3&#8243; _module_preset=&#8221;default&#8221; global_colors_info=&#8221;{}&#8221;][et_pb_column type=&#8221;4_4&#8243; _builder_version=&#8221;4.23.3&#8243; _module_preset=&#8221;default&#8221; global_colors_info=&#8221;{}&#8221;][et_pb_cta title=&#8221;the history of the Cingel Group&#8221; button_url=&#8221;@ET-DC@eyJkeW5hbWljIjp0cnVlLCJjb250ZW50IjoicG9zdF9saW5rX3VybF9wYWdlIiwic2V0dGluZ3MiOnsicG9zdF9pZCI6IjM2In19@&#8221; button_text=&#8221;Click here for additional information&#8221; _builder_version=&#8221;4.23.3&#8243; _dynamic_attributes=&#8221;button_url&#8221; _module_preset=&#8221;default&#8221; header_font=&#8221;Exo|300||on|||||&#8221; header_font_size=&#8221;55px&#8221; body_font=&#8221;Exo|600||on|||||&#8221; body_text_color=&#8221;#FFFFFF&#8221; body_font_size=&#8221;18px&#8221; body_line_height=&#8221;1.6em&#8221; background_color=&#8221;RGBA(255,255,255,0)&#8221; background_enable_image=&#8221;off&#8221; width=&#8221;80%&#8221; width_tablet=&#8221;100%&#8221; width_phone=&#8221;&#8221; width_last_edited=&#8221;on|phone&#8221; module_alignment=&#8221;center&#8221; custom_padding=&#8221;25px|5px|25px|5px|true|true&#8221; custom_padding_tablet=&#8221;&#8221; custom_padding_phone=&#8221;&#8221; custom_padding_last_edited=&#8221;on|phone&#8221; header_font_size_tablet=&#8221;&#8221; header_font_size_phone=&#8221;45px&#8221; header_font_size_last_edited=&#8221;on|phone&#8221; body_font_size_tablet=&#8221;&#8221; body_font_size_phone=&#8221;16px&#8221; body_font_size_last_edited=&#8221;on|tablet&#8221; global_colors_info=&#8221;{%22gcid-63dc6424-0d57-48b2-b05a-a9e3366425b3%22:%91%22button_bg_color%22,%22button_text_color__hover%22%93}&#8221; button_bg_color__hover=&#8221;#FFFFFF&#8221; button_bg_color__hover_enabled=&#8221;on|hover&#8221; button_bg_enable_color__hover=&#8221;on&#8221; button_text_color__hover_enabled=&#8221;on|hover&#8221; button_text_color__hover=&#8221;#595959&#8243;]<\/p>\n<p>Find out more about the career of a business group with over 30 years&#8217; experience in the sector. <\/p>\n<p>[\/et_pb_cta][\/et_pb_column][\/et_pb_row][\/et_pb_section]<\/p>\n","protected":false},"excerpt":{"rendered":"<p><div class=\"et_pb_module dmpro_breadcrumbs dmpro_breadcrumbs_0\">\n\t\t\t\t\n\t\t\t\t\n\t\t\t\t\n\t\t\t\t\n\t\t\t\t\n\t\t\t\t\n\t\t\t\t<div class=\"et_pb_module_inner\">\n\t\t\t\t\t<div class=\"dmpro-breadcrumbs\">\n                <ul >\n                    \t\n                    <li  class=\"dmpro-breadcrumb-item dmpro-breadcrumb-home\">\n                                    <a  href=\"https:\/\/cingel.pt\/\">\n                        <span  >\n                            <span class=\"et-pb-icon dmpro-home-icon\"><\/span>                                                    <\/span>\n                    <\/a>\n                                            <\/li>\n\t\t\t\n            \n            <li class=\"dmpro-breadcrumb-separator\"><span class=\"et-pb-icon dmpro-separator-icon\">$<\/span><\/li>\t\t\t\n            \n                <\/ul>\n            <\/div>\n\t\t\t\t<\/div>\n\t\t\t<\/div>We believe in people. We value their skills and professionalism. Join\u2026 <a href=\"https:\/\/cingel.pt\/en\/careers\/\">Read More &raquo;<\/a><\/p>\n","protected":false},"author":1,"featured_media":0,"parent":0,"menu_order":0,"comment_status":"closed","ping_status":"closed","template":"","meta":{"_et_pb_use_builder":"on","_et_pb_old_content":"","_et_gb_content_width":"","footnotes":""},"class_list":["post-5387","page","type-page","status-publish","hentry"],"aioseo_notices":[],"_links":{"self":[{"href":"https:\/\/cingel.pt\/en\/wp-json\/wp\/v2\/pages\/5387","targetHints":{"allow":["GET"]}}],"collection":[{"href":"https:\/\/cingel.pt\/en\/wp-json\/wp\/v2\/pages"}],"about":[{"href":"https:\/\/cingel.pt\/en\/wp-json\/wp\/v2\/types\/page"}],"author":[{"embeddable":true,"href":"https:\/\/cingel.pt\/en\/wp-json\/wp\/v2\/users\/1"}],"replies":[{"embeddable":true,"href":"https:\/\/cingel.pt\/en\/wp-json\/wp\/v2\/comments?post=5387"}],"version-history":[{"count":5,"href":"https:\/\/cingel.pt\/en\/wp-json\/wp\/v2\/pages\/5387\/revisions"}],"predecessor-version":[{"id":5392,"href":"https:\/\/cingel.pt\/en\/wp-json\/wp\/v2\/pages\/5387\/revisions\/5392"}],"wp:attachment":[{"href":"https:\/\/cingel.pt\/en\/wp-json\/wp\/v2\/media?parent=5387"}],"curies":[{"name":"wp","href":"https:\/\/api.w.org\/{rel}","templated":true}]}}